{"id":1561,"date":"2024-09-02T10:42:19","date_gmt":"2024-09-02T13:42:19","guid":{"rendered":"https:\/\/partiurural.com.br\/?page_id=1561"},"modified":"2024-09-02T12:13:23","modified_gmt":"2024-09-02T15:13:23","slug":"consultorias","status":"publish","type":"page","link":"https:\/\/partiurural.com.br\/?page_id=1561","title":{"rendered":"Consultorias"},"content":{"rendered":"\t\t<div data-elementor-type=\"wp-page\" data-elementor-id=\"1561\" class=\"elementor elementor-1561\" data-elementor-post-type=\"page\">\n\t\t\t\t\t\t<section class=\"elementor-section elementor-top-section elementor-element elementor-element-ad14add elementor-section-boxed elementor-section-height-default elementor-section-height-default\" data-id=\"ad14add\" data-element_type=\"section\" data-e-type=\"section\">\n\t\t\t\t\t\t<div class=\"elementor-container elementor-column-gap-no\">\n\t\t\t\t\t<div class=\"aux-parallax-section elementor-column elementor-col-100 elementor-top-column elementor-element elementor-element-fc40b82\" data-id=\"fc40b82\" data-element_type=\"column\" data-e-type=\"column\">\n\t\t\t<div class=\"elementor-widget-wrap elementor-element-populated\">\n\t\t\t\t\t\t<section class=\"elementor-section elementor-inner-section elementor-element elementor-element-5be7c58 elementor-section-boxed elementor-section-height-default elementor-section-height-default\" data-id=\"5be7c58\" data-element_type=\"section\" data-e-type=\"section\">\n\t\t\t\t\t\t<div class=\"elementor-container elementor-column-gap-no\">\n\t\t\t\t\t<div class=\"aux-parallax-section elementor-column elementor-col-100 elementor-inner-column elementor-element elementor-element-896e66a\" data-id=\"896e66a\" data-element_type=\"column\" data-e-type=\"column\">\n\t\t\t<div class=\"elementor-widget-wrap elementor-element-populated\">\n\t\t\t\t\t\t<div class=\"elementor-element elementor-element-6a30621 elementor-widget__width-auto aux-appear-watch-animation aux-fade-in-left-1 elementor-widget-divider--view-line elementor-widget elementor-widget-divider\" data-id=\"6a30621\" data-element_type=\"widget\" data-e-type=\"widget\" data-widget_type=\"divider.default\">\n\t\t\t\t<div class=\"elementor-widget-container\">\n\t\t\t\t\t\t\t<div class=\"elementor-divider\">\n\t\t\t<span class=\"elementor-divider-separator\">\n\t\t\t\t\t\t<\/span>\n\t\t<\/div>\n\t\t\t\t\t\t<\/div>\n\t\t\t\t<\/div>\n\t\t\t\t<div class=\"elementor-element elementor-element-ae892db elementor-widget__width-auto aux-appear-watch-animation aux-fade-in-right-1 elementor-widget elementor-widget-heading\" data-id=\"ae892db\" data-element_type=\"widget\" data-e-type=\"widget\" data-widget_type=\"heading.default\">\n\t\t\t\t<div class=\"elementor-widget-container\">\n\t\t\t\t\t<h4 class=\"elementor-heading-title elementor-size-default\">Solu\u00e7\u00f5es<\/h4>\t\t\t\t<\/div>\n\t\t\t\t<\/div>\n\t\t\t\t\t<\/div>\n\t\t<\/div>\n\t\t\t\t\t<\/div>\n\t\t<\/section>\n\t\t\t\t<div class=\"elementor-element elementor-element-4102fe8 aux-appear-watch-animation aux-fade-in-up elementor-widget elementor-widget-aux_modern_heading\" data-id=\"4102fe8\" data-element_type=\"widget\" data-e-type=\"widget\" data-widget_type=\"aux_modern_heading.default\">\n\t\t\t\t<div class=\"elementor-widget-container\">\n\t\t\t\t\t<section class=\"aux-widget-modern-heading\">\n            <div class=\"aux-widget-inner\"><h1 class=\"aux-modern-heading-primary\">Consultorias e Mentorias<\/h1><\/div>\n        <\/section>\t\t\t\t<\/div>\n\t\t\t\t<\/div>\n\t\t\t\t\t<\/div>\n\t\t<\/div>\n\t\t\t\t\t<\/div>\n\t\t<\/section>\n\t\t\t\t<section class=\"elementor-section elementor-top-section elementor-element elementor-element-95c7a45 elementor-reverse-mobile elementor-section-boxed elementor-section-height-default elementor-section-height-default\" data-id=\"95c7a45\" data-element_type=\"section\" data-e-type=\"section\">\n\t\t\t\t\t\t<div class=\"elementor-container elementor-column-gap-no\">\n\t\t\t\t\t<div class=\"aux-parallax-section elementor-column elementor-col-50 elementor-top-column elementor-element elementor-element-af4d449 aux-counter-column\" data-id=\"af4d449\" data-element_type=\"column\" data-e-type=\"column\">\n\t\t\t<div class=\"elementor-widget-wrap elementor-element-populated\">\n\t\t\t\t\t\t<div class=\"elementor-element elementor-element-30999bd aux-appear-watch-animation aux-scale-down elementor-widget elementor-widget-image\" data-id=\"30999bd\" data-element_type=\"widget\" data-e-type=\"widget\" data-widget_type=\"image.default\">\n\t\t\t\t<div class=\"elementor-widget-container\">\n\t\t\t\t\t\t\t\t\t\t\t\t\t\t\t<img fetchpriority=\"high\" decoding=\"async\" width=\"957\" height=\"899\" src=\"https:\/\/partiurural.com.br\/wp-content\/uploads\/2024\/09\/img-consultorias-957x899-1.jpg\" class=\"attachment-full size-full wp-image-1606\" alt=\"\" srcset=\"https:\/\/partiurural.com.br\/wp-content\/uploads\/2024\/09\/img-consultorias-957x899-1.jpg 957w, https:\/\/partiurural.com.br\/wp-content\/uploads\/2024\/09\/img-consultorias-957x899-1-13x12.jpg 13w, https:\/\/partiurural.com.br\/wp-content\/uploads\/2024\/09\/img-consultorias-957x899-1-200x188.jpg 200w\" sizes=\"(max-width: 957px) 100vw, 957px\" \/>\t\t\t\t\t\t\t\t\t\t\t\t\t\t\t<\/div>\n\t\t\t\t<\/div>\n\t\t\t\t<div class=\"aux-scroll-anim elementor-element elementor-element-d110c5a elementor-widget__width-initial elementor-widget-tablet__width-auto elementor-widget-mobile__width-auto elementor-widget elementor-widget-counter\" data-move-in=\"moveHorizontal\" data-move-out=\"moveHorizontal\" data-axis-x=\"-15\" data-axis-y=\"200\" data-rotate=\"90\" data-scale=\"1\" data-vp-top=\"0.5\" data-vp-bot=\"0.5\" data-el-top=\"0.2\" data-scroll-animation-off=\"1024\" data-id=\"d110c5a\" data-element_type=\"widget\" data-e-type=\"widget\" data-widget_type=\"counter.default\">\n\t\t\t\t<div class=\"elementor-widget-container\">\n\t\t\t\t\t\t\t<div class=\"elementor-counter\">\n\t\t\t<div class=\"elementor-counter-title\">Anos<br><b> Experi\u00eancia<\/b><\/br><\/div>\t\t\t<div class=\"elementor-counter-number-wrapper\">\n\t\t\t\t<span class=\"elementor-counter-number-prefix\">+<\/span>\n\t\t\t\t<span class=\"elementor-counter-number\" data-duration=\"2000\" data-to-value=\"23\" data-from-value=\"0\" data-delimiter=\",\">0<\/span>\n\t\t\t\t<span class=\"elementor-counter-number-suffix\"><\/span>\n\t\t\t<\/div>\n\t\t<\/div>\n\t\t\t\t\t\t<\/div>\n\t\t\t\t<\/div>\n\t\t\t\t\t<\/div>\n\t\t<\/div>\n\t\t\t\t<div class=\"aux-parallax-section elementor-column elementor-col-50 elementor-top-column elementor-element elementor-element-58351f2 aux-find-column\" data-id=\"58351f2\" data-element_type=\"column\" data-e-type=\"column\">\n\t\t\t<div class=\"elementor-widget-wrap elementor-element-populated\">\n\t\t\t\t\t\t<section class=\"elementor-section elementor-inner-section elementor-element elementor-element-b10b3f2 elementor-section-boxed elementor-section-height-default elementor-section-height-default\" data-id=\"b10b3f2\" data-element_type=\"section\" data-e-type=\"section\">\n\t\t\t\t\t\t<div class=\"elementor-container elementor-column-gap-no\">\n\t\t\t\t\t<div class=\"aux-parallax-section elementor-column elementor-col-100 elementor-inner-column elementor-element elementor-element-72907af\" data-id=\"72907af\" data-element_type=\"column\" data-e-type=\"column\">\n\t\t\t<div class=\"elementor-widget-wrap elementor-element-populated\">\n\t\t\t\t\t\t<div class=\"elementor-element elementor-element-2f36309 elementor-widget__width-auto aux-appear-watch-animation aux-fade-in-left-1 elementor-widget-divider--view-line elementor-widget elementor-widget-divider\" data-id=\"2f36309\" data-element_type=\"widget\" data-e-type=\"widget\" data-widget_type=\"divider.default\">\n\t\t\t\t<div class=\"elementor-widget-container\">\n\t\t\t\t\t\t\t<div class=\"elementor-divider\">\n\t\t\t<span class=\"elementor-divider-separator\">\n\t\t\t\t\t\t<\/span>\n\t\t<\/div>\n\t\t\t\t\t\t<\/div>\n\t\t\t\t<\/div>\n\t\t\t\t<div class=\"elementor-element elementor-element-3e18e4b elementor-widget__width-auto aux-appear-watch-animation aux-fade-in-right-1 elementor-widget elementor-widget-heading\" data-id=\"3e18e4b\" data-element_type=\"widget\" data-e-type=\"widget\" data-widget_type=\"heading.default\">\n\t\t\t\t<div class=\"elementor-widget-container\">\n\t\t\t\t\t<h4 class=\"elementor-heading-title elementor-size-default\">descubra mais<\/h4>\t\t\t\t<\/div>\n\t\t\t\t<\/div>\n\t\t\t\t\t<\/div>\n\t\t<\/div>\n\t\t\t\t\t<\/div>\n\t\t<\/section>\n\t\t\t\t<div class=\"elementor-element elementor-element-404cc67 aux-appear-watch-animation aux-fade-in-up elementor-widget elementor-widget-aux_modern_heading\" data-id=\"404cc67\" data-element_type=\"widget\" data-e-type=\"widget\" data-widget_type=\"aux_modern_heading.default\">\n\t\t\t\t<div class=\"elementor-widget-container\">\n\t\t\t\t\t<section class=\"aux-widget-modern-heading\">\n            <div class=\"aux-widget-inner\"><h1 class=\"aux-modern-heading-primary\"><\/h1><div class=\"aux-modern-heading-description\"><p><strong>Formata\u00e7\u00e3o e Reestrutura\u00e7\u00e3o de Neg\u00f3cios em Turismo, Hospitalidade e Gastronomia<\/strong><br \/>Nosso produto de formata\u00e7\u00e3o e reestrutura\u00e7\u00e3o de neg\u00f3cios em Turismo, Hospitalidade e Gastronomia oferece tr\u00eas modalidades distintas: Mentoria Online, Consultoria Presencial, e Consultoria H\u00edbrida. Cada uma dessas abordagens \u00e9 projetada para atender \u00e0s diferentes necessidades e realidades dos empreendedores, garantindo um suporte eficaz e personalizado para o desenvolvimento e sucesso do seu neg\u00f3cio.<\/p><\/div><\/div>\n        <\/section>\t\t\t\t<\/div>\n\t\t\t\t<\/div>\n\t\t\t\t\t<\/div>\n\t\t<\/div>\n\t\t\t\t\t<\/div>\n\t\t<\/section>\n\t\t\t\t<section class=\"elementor-section elementor-top-section elementor-element elementor-element-785a317 elementor-reverse-mobile elementor-section-boxed elementor-section-height-default elementor-section-height-default\" data-id=\"785a317\" data-element_type=\"section\" data-e-type=\"section\">\n\t\t\t\t\t\t<div class=\"elementor-container elementor-column-gap-no\">\n\t\t\t\t\t<div class=\"aux-parallax-section elementor-column elementor-col-100 elementor-top-column elementor-element elementor-element-9203207 aux-toggle\" data-id=\"9203207\" data-element_type=\"column\" data-e-type=\"column\">\n\t\t\t<div class=\"elementor-widget-wrap elementor-element-populated\">\n\t\t\t\t\t\t<div class=\"elementor-element elementor-element-bf1eaea aux-appear-watch-animation aux-scale-down elementor-widget elementor-widget-aux_accordion\" data-id=\"bf1eaea\" data-element_type=\"widget\" data-e-type=\"widget\" data-widget_type=\"aux_accordion.default\">\n\t\t\t\t<div class=\"elementor-widget-container\">\n\t\t\t\t\t<section class=\"widget-container aux-widget-accordion widget-toggle aux-parent-au51420be8\" style=\"\" ><div class=\"widget-inner  aux-type-toggle\" data-toggle=\"true\"><section class=\"aux-toggle-item\"><h5 id=\"aux-toggle-header-2001\" class=\"aux-toggle-header toggle-header\" tabindex=\"2001\" role=\"tab\" aria-controls=\"aux-toggle-content-2001\" >1. Mentoria Online<\/h5><div id=\"aux-toggle-content-2001\" class=\"aux-toggle-content toggle-content\" tabindex=\"2001\" role=\"tabpanel\" aria-labelledby=\"aux-toggle-header-2001\" ><p><b>Objetivo:<\/b><span style=\"font-weight: 400\"> A Mentoria Online \u00e9 voltada para empreendedores que buscam orienta\u00e7\u00e3o estrat\u00e9gica e suporte cont\u00ednuo na transforma\u00e7\u00e3o e reestrutura\u00e7\u00e3o de seus neg\u00f3cios. \u00c9 ideal para quem precisa de flexibilidade de hor\u00e1rio e acesso a conhecimento especializado, sem as limita\u00e7\u00f5es de deslocamento.<\/span><\/p><p><b>Caracter\u00edsticas:<\/b><\/p><ul class=\"wp-block-list\"><li><b>Formato: <span style=\"font-weight: 400\">100% online, com sess\u00f5es semanais ou quinzenais via videoconfer\u00eancia.<\/span><\/b><\/li><li><b>Foco: <span style=\"font-weight: 400\">Mudan\u00e7a de mentalidade, defini\u00e7\u00e3o de estrat\u00e9gias, e implementa\u00e7\u00e3o de a\u00e7\u00f5es pr\u00e1ticas.<\/span><\/b><\/li><li><b>Metodologia: <span style=\"font-weight: 400\">Diagn\u00f3stico presencial inicial, planejamento estrat\u00e9gico, acompanhamento de resultados, e orienta\u00e7\u00e3o em tempo real.<\/span><\/b><\/li><li><b>Dura\u00e7\u00e3o: <span style=\"font-weight: 400\">14 sess\u00f5es de uma hora a uma hora e meia cada, adapt\u00e1veis ao ritmo e evolu\u00e7\u00e3o do cliente.<\/span><\/b><\/li><li><b>Benef\u00edcios: <span style=\"font-weight: 400\">Flexibilidade, personaliza\u00e7\u00e3o, acompanhamento cont\u00ednuo, custo acess\u00edvel.<\/span><\/b><\/li><\/ul><p><b>Diferencial: <span style=\"font-weight: 400\">A mentoria online permite que o cliente evolua em seu pr\u00f3prio ritmo, com acesso constante ao mentor, ideal para quem busca desenvolver novas habilidades e tomar decis\u00f5es estrat\u00e9gicas com autonomia, mas ainda precisa de orienta\u00e7\u00e3o especializada.<\/span><\/b><\/p><\/div><\/section><section class=\"aux-toggle-item\"><h5 id=\"aux-toggle-header-2002\" class=\"aux-toggle-header toggle-header\" tabindex=\"2002\" role=\"tab\" aria-controls=\"aux-toggle-content-2002\" >2. Consultoria Presencial<\/h5><div id=\"aux-toggle-content-2002\" class=\"aux-toggle-content toggle-content\" tabindex=\"2002\" role=\"tabpanel\" aria-labelledby=\"aux-toggle-header-2002\" ><p><b>Objetivo:<\/b><span style=\"font-weight: 400\"> A\u00a0Consultoria Presencial oferece um suporte mais profundo e detalhado, com a presen\u00e7a f\u00edsica de um consultor especializado que acompanha de perto a opera\u00e7\u00e3o do neg\u00f3cio. Essa modalidade \u00e9 ideal para empresas que necessitam de uma interven\u00e7\u00e3o mais pr\u00e1tica e direta, com ajustes in loco.<\/span><\/p><p><b>Caracter\u00edsticas:<\/b><\/p><ul class=\"wp-block-list\"><li><b>Formato: <span style=\"font-weight: 400\">Consultoria realizada no local do neg\u00f3cio, com visitas regulares e sess\u00f5es de acompanhamento<\/span><span style=\"font-weight: 400\">.<\/span><\/b><\/li><li><b>Foco: <span style=\"font-weight: 400\">Avalia\u00e7\u00e3o minuciosa das opera\u00e7\u00f5es, implementa\u00e7\u00e3o de mudan\u00e7as estrat\u00e9gicas, e reestrutura\u00e7\u00e3o de processos<\/span><span style=\"font-weight: 400\">.<\/span><\/b><\/li><li><b>Metodologia: <span style=\"font-weight: 400\">\u00a0Diagn\u00f3stico presencial, mapeamento de processos, desenvolvimento de novas estrat\u00e9gias operacionais e de gest\u00e3o, treinamento de equipe, e acompanhamento da implementa\u00e7\u00e3o<\/span><span style=\"font-weight: 400\">.<\/span><\/b><\/li><li><b>Dura\u00e7\u00e3o: <span style=\"font-weight: 400\">A ser definida conforme o escopo do projeto, podendo variar de alguns meses a um ano ou mais.<\/span><\/b><\/li><li><b>Benef\u00edcios: <span style=\"font-weight: 400\">An\u00e1lise detalhada do neg\u00f3cio, interven\u00e7\u00f5es diretas, treinamento pr\u00e1tico, maior controle sobre a implementa\u00e7\u00e3o das mudan\u00e7as.<\/span><\/b><\/li><li><b>Investimento: <span style=\"font-weight: 400\">Personalizado, baseado na complexidade e dura\u00e7\u00e3o do projeto.<\/span><\/b><\/li><\/ul><p><b>Diferencial: <span style=\"font-weight: 400\">A consultoria presencial oferece uma vis\u00e3o pr\u00e1tica e detalhada do neg\u00f3cio, permitindo interven\u00e7\u00f5es mais r\u00e1pidas e eficazes, al\u00e9m de um acompanhamento pr\u00f3ximo das mudan\u00e7as implementadas, garantindo que as melhorias sejam aplicadas com sucesso.<\/span><\/b><\/p><\/div><\/section><section class=\"aux-toggle-item\"><h5 id=\"aux-toggle-header-2003\" class=\"aux-toggle-header toggle-header\" tabindex=\"2003\" role=\"tab\" aria-controls=\"aux-toggle-content-2003\" >3. Consultoria H\u00edbrida<\/h5><div id=\"aux-toggle-content-2003\" class=\"aux-toggle-content toggle-content\" tabindex=\"2003\" role=\"tabpanel\" aria-labelledby=\"aux-toggle-header-2003\" ><p><b>Objetivo:<\/b><span style=\"font-weight: 400\"> A Consultoria H\u00edbrida combina os benef\u00edcios da mentoria online com a profundidade da consultoria presencial, oferecendo um suporte completo e adapt\u00e1vel \u00e0s necessidades do neg\u00f3cio. \u00c9 ideal para empreendedores que desejam a flexibilidade do online, mas tamb\u00e9m reconhecem a import\u00e2ncia da presen\u00e7a f\u00edsica do consultor para determinadas etapas.<\/span><\/p><p><b>Caracter\u00edsticas:<\/b><\/p><ul class=\"wp-block-list\"><li><b>Formato: <span style=\"font-weight: 400\">Mescla de sess\u00f5es online e visitas presenciais, conforme a necessidade do projeto<\/span><span style=\"font-weight: 400\">.<\/span><\/b><\/li><li><b>Foco: <span style=\"font-weight: 400\">Reestrutura\u00e7\u00e3o estrat\u00e9gica, implementa\u00e7\u00e3o pr\u00e1tica, e acompanhamento cont\u00ednuo<\/span><span style=\"font-weight: 400\">.<\/span><\/b><\/li><li><b>Metodologia: <span style=\"font-weight: 400\">Diagn\u00f3stico inicial, planejamento estrat\u00e9gico, sess\u00f5es de orienta\u00e7\u00e3o online, visitas presenciais para avalia\u00e7\u00f5es detalhadas e implementa\u00e7\u00f5es chave<\/span><span style=\"font-weight: 400\">.<\/span><\/b><\/li><li><b>Dura\u00e7\u00e3o: <span style=\"font-weight: 400\">Personalizada, combinando a frequ\u00eancia das sess\u00f5es online com as visitas presenciais, ajustada \u00e0s necessidades do cliente<\/span><span style=\"font-weight: 400\">.<\/span><\/b><\/li><li><b>Benef\u00edcios: <span style=\"font-weight: 400\">\u00a0Flexibilidade, acessibilidade, interven\u00e7\u00f5es pr\u00e1ticas e direcionadas, acompanhamento constante<\/span><span style=\"font-weight: 400\">.<\/span><\/b><\/li><li><b>Investimento: <span style=\"font-weight: 400\">Personalizado, baseado na complexidade e dura\u00e7\u00e3o do projeto.<\/span><\/b><\/li><\/ul><p><b>Diferencial:<\/b><\/p><p><span style=\"font-weight: 400\">A consultoria h\u00edbrida oferece o melhor dos dois mundos: a flexibilidade e a agilidade do acompanhamento online, com a profundidade e a precis\u00e3o das interven\u00e7\u00f5es presenciais, proporcionando uma solu\u00e7\u00e3o completa e adaptada \u00e0 realidade do neg\u00f3cio.<\/span><\/p><\/div><\/section><\/div><\/section><!-- widget-container -->\t\t\t\t<\/div>\n\t\t\t\t<\/div>\n\t\t\t\t\t<\/div>\n\t\t<\/div>\n\t\t\t\t\t<\/div>\n\t\t<\/section>\n\t\t\t\t<\/div>\n\t\t","protected":false},"excerpt":{"rendered":"<p>Solu\u00e7\u00f5es Consultorias e Mentorias Anos Experi\u00eancia + 0 descubra mais Formata\u00e7\u00e3o e Reestrutura\u00e7\u00e3o de Neg\u00f3cios em Turismo, Hospitalidade e GastronomiaNosso produto de formata\u00e7\u00e3o e reestrutura\u00e7\u00e3o de neg\u00f3cios em Turismo, Hospitalidade e Gastronomia oferece tr\u00eas modalidades distintas: Mentoria Online, Consultoria Presencial, e Consultoria H\u00edbrida. Cada uma dessas abordagens \u00e9 projetada para atender \u00e0s diferentes necessidades e [&hellip;]<\/p>\n","protected":false},"author":1,"featured_media":0,"parent":0,"menu_order":0,"comment_status":"closed","ping_status":"closed","template":"","meta":{"footnotes":""},"class_list":["post-1561","page","type-page","status-publish","hentry"],"_links":{"self":[{"href":"https:\/\/partiurural.com.br\/index.php?rest_route=\/wp\/v2\/pages\/1561","targetHints":{"allow":["GET"]}}],"collection":[{"href":"https:\/\/partiurural.com.br\/index.php?rest_route=\/wp\/v2\/pages"}],"about":[{"href":"https:\/\/partiurural.com.br\/index.php?rest_route=\/wp\/v2\/types\/page"}],"author":[{"embeddable":true,"href":"https:\/\/partiurural.com.br\/index.php?rest_route=\/wp\/v2\/users\/1"}],"replies":[{"embeddable":true,"href":"https:\/\/partiurural.com.br\/index.php?rest_route=%2Fwp%2Fv2%2Fcomments&post=1561"}],"version-history":[{"count":0,"href":"https:\/\/partiurural.com.br\/index.php?rest_route=\/wp\/v2\/pages\/1561\/revisions"}],"wp:attachment":[{"href":"https:\/\/partiurural.com.br\/index.php?rest_route=%2Fwp%2Fv2%2Fmedia&parent=1561"}],"curies":[{"name":"wp","href":"https:\/\/api.w.org\/{rel}","templated":true}]}}