{"id":1618,"date":"2024-09-02T11:42:41","date_gmt":"2024-09-02T14:42:41","guid":{"rendered":"https:\/\/partiurural.com.br\/?page_id=1618"},"modified":"2024-09-02T12:10:23","modified_gmt":"2024-09-02T15:10:23","slug":"plano-de-negocios","status":"publish","type":"page","link":"https:\/\/partiurural.com.br\/?page_id=1618","title":{"rendered":"Plano de Neg\u00f3cios"},"content":{"rendered":"\t\t<div data-elementor-type=\"wp-page\" data-elementor-id=\"1618\" class=\"elementor elementor-1618\" data-elementor-post-type=\"page\">\n\t\t\t\t\t\t<section class=\"elementor-section elementor-top-section elementor-element elementor-element-ad14add elementor-section-boxed elementor-section-height-default elementor-section-height-default\" data-id=\"ad14add\" data-element_type=\"section\" data-e-type=\"section\">\n\t\t\t\t\t\t<div class=\"elementor-container elementor-column-gap-no\">\n\t\t\t\t\t<div class=\"aux-parallax-section elementor-column elementor-col-100 elementor-top-column elementor-element elementor-element-fc40b82\" data-id=\"fc40b82\" data-element_type=\"column\" data-e-type=\"column\">\n\t\t\t<div class=\"elementor-widget-wrap elementor-element-populated\">\n\t\t\t\t\t\t<section class=\"elementor-section elementor-inner-section elementor-element elementor-element-5be7c58 elementor-section-boxed elementor-section-height-default elementor-section-height-default\" data-id=\"5be7c58\" data-element_type=\"section\" data-e-type=\"section\">\n\t\t\t\t\t\t<div class=\"elementor-container elementor-column-gap-no\">\n\t\t\t\t\t<div class=\"aux-parallax-section elementor-column elementor-col-100 elementor-inner-column elementor-element elementor-element-896e66a\" data-id=\"896e66a\" data-element_type=\"column\" data-e-type=\"column\">\n\t\t\t<div class=\"elementor-widget-wrap elementor-element-populated\">\n\t\t\t\t\t\t<div class=\"elementor-element elementor-element-6a30621 elementor-widget__width-auto aux-appear-watch-animation aux-fade-in-left-1 elementor-widget-divider--view-line elementor-widget elementor-widget-divider\" data-id=\"6a30621\" data-element_type=\"widget\" data-e-type=\"widget\" data-widget_type=\"divider.default\">\n\t\t\t\t<div class=\"elementor-widget-container\">\n\t\t\t\t\t\t\t<div class=\"elementor-divider\">\n\t\t\t<span class=\"elementor-divider-separator\">\n\t\t\t\t\t\t<\/span>\n\t\t<\/div>\n\t\t\t\t\t\t<\/div>\n\t\t\t\t<\/div>\n\t\t\t\t<div class=\"elementor-element elementor-element-ae892db elementor-widget__width-auto aux-appear-watch-animation aux-fade-in-right-1 elementor-widget elementor-widget-heading\" data-id=\"ae892db\" data-element_type=\"widget\" data-e-type=\"widget\" data-widget_type=\"heading.default\">\n\t\t\t\t<div class=\"elementor-widget-container\">\n\t\t\t\t\t<h4 class=\"elementor-heading-title elementor-size-default\">Solu\u00e7\u00f5es<\/h4>\t\t\t\t<\/div>\n\t\t\t\t<\/div>\n\t\t\t\t\t<\/div>\n\t\t<\/div>\n\t\t\t\t\t<\/div>\n\t\t<\/section>\n\t\t\t\t<div class=\"elementor-element elementor-element-4102fe8 aux-appear-watch-animation aux-fade-in-up elementor-widget elementor-widget-aux_modern_heading\" data-id=\"4102fe8\" data-element_type=\"widget\" data-e-type=\"widget\" data-widget_type=\"aux_modern_heading.default\">\n\t\t\t\t<div class=\"elementor-widget-container\">\n\t\t\t\t\t<section class=\"aux-widget-modern-heading\">\n            <div class=\"aux-widget-inner\"><h1 class=\"aux-modern-heading-primary\">Plano de Neg\u00f3cios e Capta\u00e7\u00e3o de Recursos<\/h1><\/div>\n        <\/section>\t\t\t\t<\/div>\n\t\t\t\t<\/div>\n\t\t\t\t\t<\/div>\n\t\t<\/div>\n\t\t\t\t\t<\/div>\n\t\t<\/section>\n\t\t\t\t<section class=\"elementor-section elementor-top-section elementor-element elementor-element-95c7a45 elementor-reverse-mobile elementor-section-boxed elementor-section-height-default elementor-section-height-default\" data-id=\"95c7a45\" data-element_type=\"section\" data-e-type=\"section\">\n\t\t\t\t\t\t<div class=\"elementor-container elementor-column-gap-no\">\n\t\t\t\t\t<div class=\"aux-parallax-section elementor-column elementor-col-50 elementor-top-column elementor-element elementor-element-af4d449 aux-counter-column\" data-id=\"af4d449\" data-element_type=\"column\" data-e-type=\"column\">\n\t\t\t<div class=\"elementor-widget-wrap elementor-element-populated\">\n\t\t\t\t\t\t<div class=\"elementor-element elementor-element-30999bd aux-appear-watch-animation aux-scale-down elementor-widget elementor-widget-image\" data-id=\"30999bd\" data-element_type=\"widget\" data-e-type=\"widget\" data-widget_type=\"image.default\">\n\t\t\t\t<div class=\"elementor-widget-container\">\n\t\t\t\t\t\t\t\t\t\t\t\t\t\t\t<img fetchpriority=\"high\" decoding=\"async\" width=\"957\" height=\"899\" src=\"https:\/\/partiurural.com.br\/wp-content\/uploads\/2024\/09\/img-plano-negocios-957x899-1.jpg\" class=\"attachment-full size-full wp-image-1624\" alt=\"\" srcset=\"https:\/\/partiurural.com.br\/wp-content\/uploads\/2024\/09\/img-plano-negocios-957x899-1.jpg 957w, https:\/\/partiurural.com.br\/wp-content\/uploads\/2024\/09\/img-plano-negocios-957x899-1-13x12.jpg 13w, https:\/\/partiurural.com.br\/wp-content\/uploads\/2024\/09\/img-plano-negocios-957x899-1-200x188.jpg 200w\" sizes=\"(max-width: 957px) 100vw, 957px\" \/>\t\t\t\t\t\t\t\t\t\t\t\t\t\t\t<\/div>\n\t\t\t\t<\/div>\n\t\t\t\t<div class=\"aux-scroll-anim elementor-element elementor-element-d110c5a elementor-widget__width-initial elementor-widget-tablet__width-auto elementor-widget-mobile__width-auto elementor-widget elementor-widget-counter\" data-move-in=\"moveHorizontal\" data-move-out=\"moveHorizontal\" data-axis-x=\"-15\" data-axis-y=\"200\" data-rotate=\"90\" data-scale=\"1\" data-vp-top=\"0.5\" data-vp-bot=\"0.5\" data-el-top=\"0.2\" data-scroll-animation-off=\"1024\" data-id=\"d110c5a\" data-element_type=\"widget\" data-e-type=\"widget\" data-widget_type=\"counter.default\">\n\t\t\t\t<div class=\"elementor-widget-container\">\n\t\t\t\t\t\t\t<div class=\"elementor-counter\">\n\t\t\t<div class=\"elementor-counter-title\">Anos<br><b> Experi\u00eancia<\/b><\/br><\/div>\t\t\t<div class=\"elementor-counter-number-wrapper\">\n\t\t\t\t<span class=\"elementor-counter-number-prefix\">+<\/span>\n\t\t\t\t<span class=\"elementor-counter-number\" data-duration=\"2000\" data-to-value=\"23\" data-from-value=\"0\" data-delimiter=\",\">0<\/span>\n\t\t\t\t<span class=\"elementor-counter-number-suffix\"><\/span>\n\t\t\t<\/div>\n\t\t<\/div>\n\t\t\t\t\t\t<\/div>\n\t\t\t\t<\/div>\n\t\t\t\t\t<\/div>\n\t\t<\/div>\n\t\t\t\t<div class=\"aux-parallax-section elementor-column elementor-col-50 elementor-top-column elementor-element elementor-element-58351f2 aux-find-column\" data-id=\"58351f2\" data-element_type=\"column\" data-e-type=\"column\">\n\t\t\t<div class=\"elementor-widget-wrap elementor-element-populated\">\n\t\t\t\t\t\t<section class=\"elementor-section elementor-inner-section elementor-element elementor-element-b10b3f2 elementor-section-boxed elementor-section-height-default elementor-section-height-default\" data-id=\"b10b3f2\" data-element_type=\"section\" data-e-type=\"section\">\n\t\t\t\t\t\t<div class=\"elementor-container elementor-column-gap-no\">\n\t\t\t\t\t<div class=\"aux-parallax-section elementor-column elementor-col-100 elementor-inner-column elementor-element elementor-element-72907af\" data-id=\"72907af\" data-element_type=\"column\" data-e-type=\"column\">\n\t\t\t<div class=\"elementor-widget-wrap elementor-element-populated\">\n\t\t\t\t\t\t<div class=\"elementor-element elementor-element-2f36309 elementor-widget__width-auto aux-appear-watch-animation aux-fade-in-left-1 elementor-widget-divider--view-line elementor-widget elementor-widget-divider\" data-id=\"2f36309\" data-element_type=\"widget\" data-e-type=\"widget\" data-widget_type=\"divider.default\">\n\t\t\t\t<div class=\"elementor-widget-container\">\n\t\t\t\t\t\t\t<div class=\"elementor-divider\">\n\t\t\t<span class=\"elementor-divider-separator\">\n\t\t\t\t\t\t<\/span>\n\t\t<\/div>\n\t\t\t\t\t\t<\/div>\n\t\t\t\t<\/div>\n\t\t\t\t<div class=\"elementor-element elementor-element-3e18e4b elementor-widget__width-auto aux-appear-watch-animation aux-fade-in-right-1 elementor-widget elementor-widget-heading\" data-id=\"3e18e4b\" data-element_type=\"widget\" data-e-type=\"widget\" data-widget_type=\"heading.default\">\n\t\t\t\t<div class=\"elementor-widget-container\">\n\t\t\t\t\t<h4 class=\"elementor-heading-title elementor-size-default\">descubra mais<\/h4>\t\t\t\t<\/div>\n\t\t\t\t<\/div>\n\t\t\t\t\t<\/div>\n\t\t<\/div>\n\t\t\t\t\t<\/div>\n\t\t<\/section>\n\t\t\t\t<div class=\"elementor-element elementor-element-404cc67 aux-appear-watch-animation aux-fade-in-up elementor-widget elementor-widget-aux_modern_heading\" data-id=\"404cc67\" data-element_type=\"widget\" data-e-type=\"widget\" data-widget_type=\"aux_modern_heading.default\">\n\t\t\t\t<div class=\"elementor-widget-container\">\n\t\t\t\t\t<section class=\"aux-widget-modern-heading\">\n            <div class=\"aux-widget-inner\"><h1 class=\"aux-modern-heading-primary\"><\/h1><div class=\"aux-modern-heading-description\"><p><span style=\"font-weight: 400\">O produto \"Plano de Neg\u00f3cios e Capta\u00e7\u00e3o de Recursos\" \u00e9 uma solu\u00e7\u00e3o completa destinada a empreendedores que buscam estruturar seus neg\u00f3cios de maneira s\u00f3lida e captar recursos necess\u00e1rios para impulsionar o crescimento de suas empresas. Este servi\u00e7o abrange desde a elabora\u00e7\u00e3o de um plano de neg\u00f3cios detalhado e estrat\u00e9gico at\u00e9 a orienta\u00e7\u00e3o e apoio na capta\u00e7\u00e3o de recursos, seja por meio de investidores, linhas de cr\u00e9dito, ou financiamento p\u00fablico e privado<\/span><\/p><\/div><\/div>\n        <\/section>\t\t\t\t<\/div>\n\t\t\t\t<\/div>\n\t\t\t\t\t<\/div>\n\t\t<\/div>\n\t\t\t\t\t<\/div>\n\t\t<\/section>\n\t\t\t\t<section class=\"elementor-section elementor-top-section elementor-element elementor-element-785a317 elementor-reverse-mobile elementor-section-boxed elementor-section-height-default elementor-section-height-default\" data-id=\"785a317\" data-element_type=\"section\" data-e-type=\"section\">\n\t\t\t\t\t\t<div class=\"elementor-container elementor-column-gap-no\">\n\t\t\t\t\t<div class=\"aux-parallax-section elementor-column elementor-col-100 elementor-top-column elementor-element elementor-element-9203207 aux-toggle\" data-id=\"9203207\" data-element_type=\"column\" data-e-type=\"column\">\n\t\t\t<div class=\"elementor-widget-wrap elementor-element-populated\">\n\t\t\t\t\t\t<div class=\"elementor-element elementor-element-bf1eaea aux-appear-watch-animation aux-scale-down elementor-widget elementor-widget-aux_accordion\" data-id=\"bf1eaea\" data-element_type=\"widget\" data-e-type=\"widget\" data-widget_type=\"aux_accordion.default\">\n\t\t\t\t<div class=\"elementor-widget-container\">\n\t\t\t\t\t<section class=\"widget-container aux-widget-accordion widget-toggle aux-parent-aueb477541\" style=\"\" ><div class=\"widget-inner  aux-type-toggle\" data-toggle=\"true\"><section class=\"aux-toggle-item\"><h5 id=\"aux-toggle-header-2001\" class=\"aux-toggle-header toggle-header\" tabindex=\"2001\" role=\"tab\" aria-controls=\"aux-toggle-content-2001\" >1. Elabora\u00e7\u00e3o do Plano de Neg\u00f3cios<\/h5><div id=\"aux-toggle-content-2001\" class=\"aux-toggle-content toggle-content\" tabindex=\"2001\" role=\"tabpanel\" aria-labelledby=\"aux-toggle-header-2001\" ><p><b>Objetivo:<\/b><span style=\"font-weight: 400\"> Desenvolver um plano de neg\u00f3cios abrangente que sirva como um guia estrat\u00e9gico para o crescimento do empreendimento e como um documento essencial para a capta\u00e7\u00e3o de recursos.<\/span><\/p><p><b>Caracter\u00edsticas:<\/b><\/p><ul class=\"wp-block-list\"><li><b>An\u00e1lise de Mercado: <span style=\"font-weight: 400\">Estudo detalhado do mercado-alvo, concorr\u00eancia, tend\u00eancias, e oportunidades de neg\u00f3cio<\/span><span style=\"font-weight: 400\">.<\/span><\/b><\/li><li><b>Plano de Marketing: <span style=\"font-weight: 400\">Defini\u00e7\u00e3o da estrat\u00e9gia de marketing, incluindo posicionamento, segmenta\u00e7\u00e3o, canais de distribui\u00e7\u00e3o, e plano de comunica\u00e7\u00e3o<\/span><span style=\"font-weight: 400\">.<\/span><\/b><\/li><li><b>Plano Operacional: <span style=\"font-weight: 400\">Estrutura\u00e7\u00e3o das opera\u00e7\u00f5es do neg\u00f3cio, desde a cadeia de suprimentos at\u00e9 a entrega final ao cliente<\/span><span style=\"font-weight: 400\">.<\/span><\/b><\/li><li><b>Plano Financeiro: <span style=\"font-weight: 400\">Proje\u00e7\u00f5es financeiras detalhadas, incluindo fluxo de caixa, demonstra\u00e7\u00e3o de resultados, balan\u00e7o patrimonial, e an\u00e1lise de rentabilidade<\/span><span style=\"font-weight: 400\">.<\/span><\/b><\/li><li><b>Estrat\u00e9gia de Crescimento: <span style=\"font-weight: 400\">Defini\u00e7\u00e3o de metas de curto, m\u00e9dio, e longo prazo, com estrat\u00e9gias para expans\u00e3o e escalabilidade do neg\u00f3cio<\/span><span style=\"font-weight: 400\">.<\/span><\/b><\/li><\/ul><p><b>Benef\u00edcios:\u00a0<\/b><ul><li style=\"font-weight: 400\"><span style=\"font-weight: 400\">Orienta\u00e7\u00e3o clara para o desenvolvimento e crescimento do neg\u00f3cio.<\/span><\/li><li style=\"font-weight: 400\"><span style=\"font-weight: 400\">Documento estruturado para apresenta\u00e7\u00e3o a investidores e institui\u00e7\u00f5es financeiras.<\/span><\/li><li style=\"font-weight: 400\"><span style=\"font-weight: 400\">Redu\u00e7\u00e3o de riscos e aumento da efici\u00eancia na tomada de decis\u00f5es estrat\u00e9gicas.<\/span><\/li><\/ul><\/p><\/div><\/section><section class=\"aux-toggle-item\"><h5 id=\"aux-toggle-header-2002\" class=\"aux-toggle-header toggle-header\" tabindex=\"2002\" role=\"tab\" aria-controls=\"aux-toggle-content-2002\" >2. Estrat\u00e9gia de Capta\u00e7\u00e3o de Recursos<\/h5><div id=\"aux-toggle-content-2002\" class=\"aux-toggle-content toggle-content\" tabindex=\"2002\" role=\"tabpanel\" aria-labelledby=\"aux-toggle-header-2002\" ><p><b>Objetivo:<\/b><span style=\"font-weight: 400\"> Definir e implementar uma estrat\u00e9gia eficaz para captar os recursos financeiros necess\u00e1rios ao desenvolvimento e expans\u00e3o do neg\u00f3cio.<\/span><\/p><p><b>Caracter\u00edsticas:<\/b><\/p><ul class=\"wp-block-list\"><li><b>Identifica\u00e7\u00e3o de Fontes de Financiamento: <span style=\"font-weight: 400\">Mapeamento das principais fontes de recursos, como investidores-anjo, venture capital, crowdfunding, linhas de cr\u00e9dito, e incentivos fiscais<\/span><span style=\"font-weight: 400\">.<\/span><\/b><\/li><li><b>Prepara\u00e7\u00e3o para Investidores: <span style=\"font-weight: 400\">Desenvolvimento de pitch decks, apresenta\u00e7\u00f5es e materiais de apoio personalizados para cada tipo de investidor ou institui\u00e7\u00e3o financeira<\/span><span style=\"font-weight: 400\">.<\/span><\/b><\/li><li><b>Assessoria na Negocia\u00e7\u00e3o:<\/b><\/li><li style=\"font-weight: 400\"><span style=\"font-weight: 400\">Acompanhamento e apoio em negocia\u00e7\u00f5es com investidores, bancos, e outras fontes de financiamento.<\/span><\/li><li><b>Estrutura\u00e7\u00e3o de Propostas: <span style=\"font-weight: 400\">Elabora\u00e7\u00e3o de propostas de investimento que alinhem os interesses do empreendedor e dos investidores, incluindo termos de investimento, valuation, e acordos de participa\u00e7\u00e3o<\/span><span style=\"font-weight: 400\">.<\/span><\/b><\/li><li><b>Apoio na Documenta\u00e7\u00e3o: <span style=\"font-weight: 400\">Aux\u00edlio na prepara\u00e7\u00e3o de toda a documenta\u00e7\u00e3o necess\u00e1ria para a capta\u00e7\u00e3o de recursos, como contratos, memorandos de entendimento, e planos de pagamento<\/span><span style=\"font-weight: 400\">.<\/span><\/b><\/li><li><b>Investimento: <span style=\"font-weight: 400\">Personalizado, baseado na complexidade e dura\u00e7\u00e3o do projeto.<\/span><\/b><\/li><\/ul><p><b>Benef\u00edcios:<\/b><ul><li style=\"font-weight: 400\"><span style=\"font-weight: 400\">Aumento das chances de sucesso na capta\u00e7\u00e3o de recursos.<\/span><\/li><li style=\"font-weight: 400\"><span style=\"font-weight: 400\">Negocia\u00e7\u00f5es mais favor\u00e1veis para o empreendedor.<\/span><\/li><li style=\"font-weight: 400\"><span style=\"font-weight: 400\">Acesso a diversas fontes de financiamento, adaptadas \u00e0s necessidades espec\u00edficas do neg\u00f3cio.<\/span><\/li><\/ul><\/p><\/div><\/section><section class=\"aux-toggle-item\"><h5 id=\"aux-toggle-header-2003\" class=\"aux-toggle-header toggle-header\" tabindex=\"2003\" role=\"tab\" aria-controls=\"aux-toggle-content-2003\" >3. Implementa\u00e7\u00e3o e Acompanhamento<\/h5><div id=\"aux-toggle-content-2003\" class=\"aux-toggle-content toggle-content\" tabindex=\"2003\" role=\"tabpanel\" aria-labelledby=\"aux-toggle-header-2003\" ><p><b>Objetivo:<\/b><span style=\"font-weight: 400\"> Garantir que o plano de neg\u00f3cios seja implementado de maneira eficaz e que a capta\u00e7\u00e3o de recursos seja gerida de forma respons\u00e1vel e alinhada aos objetivos estrat\u00e9gicos do neg\u00f3cio.<\/span><\/p><p><b>Caracter\u00edsticas:<\/b><\/p><ul class=\"wp-block-list\"><li><b>Plano de A\u00e7\u00e3o: <span style=\"font-weight: 400\">Defini\u00e7\u00e3o de um cronograma detalhado de implementa\u00e7\u00e3o do plano de neg\u00f3cios e uso dos recursos captados.<\/span><\/b><\/li><li><b>Monitoramento de Resultados: <span style=\"font-weight: 400\">Acompanhamento cont\u00ednuo das m\u00e9tricas de desempenho e ajustamentos necess\u00e1rios no plano de neg\u00f3cios e estrat\u00e9gias de capta\u00e7\u00e3o<\/span><span style=\"font-weight: 400\">.<\/span><\/b><\/li><li><b>Relat\u00f3rios Peri\u00f3dicos: <span style=\"font-weight: 400\">\u00a0Elabora\u00e7\u00e3o de relat\u00f3rios peri\u00f3dicos para investidores e stakeholders, mostrando o progresso e os resultados alcan\u00e7ados<\/span><span style=\"font-weight: 400\">.<\/span><\/b><\/li><li><b>Ajustes Estrat\u00e9gicos: <span style=\"font-weight: 400\">Revis\u00e3o e adapta\u00e7\u00e3o das estrat\u00e9gias de neg\u00f3cios e capta\u00e7\u00e3o de recursos conforme as necessidades e mudan\u00e7as do mercado<\/span><span style=\"font-weight: 400\">.<\/span><\/b><\/li><\/ul><p><b>Benef\u00edcios:<\/b><ul><li style=\"font-weight: 400\"><span style=\"font-weight: 400\">Execu\u00e7\u00e3o eficaz do plano de neg\u00f3cios.<\/span><\/li><li style=\"font-weight: 400\"><span style=\"font-weight: 400\">Transpar\u00eancia e confian\u00e7a com investidores e financiadores.<\/span><\/li><li style=\"font-weight: 400\"><span style=\"font-weight: 400\">Adaptabilidade e resili\u00eancia em um ambiente de neg\u00f3cios din\u00e2mico.<\/span><\/li><\/ul><\/p><\/div><\/section><\/div><\/section><!-- widget-container -->\t\t\t\t<\/div>\n\t\t\t\t<\/div>\n\t\t\t\t\t<\/div>\n\t\t<\/div>\n\t\t\t\t\t<\/div>\n\t\t<\/section>\n\t\t\t\t<\/div>\n\t\t","protected":false},"excerpt":{"rendered":"<p>Solu\u00e7\u00f5es Plano de Neg\u00f3cios e Capta\u00e7\u00e3o de Recursos Anos Experi\u00eancia + 0 descubra mais O produto &#8220;Plano de Neg\u00f3cios e Capta\u00e7\u00e3o de Recursos&#8221; \u00e9 uma solu\u00e7\u00e3o completa destinada a empreendedores que buscam estruturar seus neg\u00f3cios de maneira s\u00f3lida e captar recursos necess\u00e1rios para impulsionar o crescimento de suas empresas. Este servi\u00e7o abrange desde a elabora\u00e7\u00e3o [&hellip;]<\/p>\n","protected":false},"author":1,"featured_media":0,"parent":0,"menu_order":0,"comment_status":"closed","ping_status":"closed","template":"","meta":{"footnotes":""},"class_list":["post-1618","page","type-page","status-publish","hentry"],"_links":{"self":[{"href":"https:\/\/partiurural.com.br\/index.php?rest_route=\/wp\/v2\/pages\/1618","targetHints":{"allow":["GET"]}}],"collection":[{"href":"https:\/\/partiurural.com.br\/index.php?rest_route=\/wp\/v2\/pages"}],"about":[{"href":"https:\/\/partiurural.com.br\/index.php?rest_route=\/wp\/v2\/types\/page"}],"author":[{"embeddable":true,"href":"https:\/\/partiurural.com.br\/index.php?rest_route=\/wp\/v2\/users\/1"}],"replies":[{"embeddable":true,"href":"https:\/\/partiurural.com.br\/index.php?rest_route=%2Fwp%2Fv2%2Fcomments&post=1618"}],"version-history":[{"count":0,"href":"https:\/\/partiurural.com.br\/index.php?rest_route=\/wp\/v2\/pages\/1618\/revisions"}],"wp:attachment":[{"href":"https:\/\/partiurural.com.br\/index.php?rest_route=%2Fwp%2Fv2%2Fmedia&parent=1618"}],"curies":[{"name":"wp","href":"https:\/\/api.w.org\/{rel}","templated":true}]}}