{"id":1663,"date":"2024-09-02T13:11:10","date_gmt":"2024-09-02T16:11:10","guid":{"rendered":"https:\/\/partiurural.com.br\/?page_id=1663"},"modified":"2024-09-03T15:32:17","modified_gmt":"2024-09-03T18:32:17","slug":"conceito-do-seu-negocio","status":"publish","type":"page","link":"https:\/\/partiurural.com.br\/?page_id=1663","title":{"rendered":"Conceito do seu Neg\u00f3cio"},"content":{"rendered":"\t\t<div data-elementor-type=\"wp-page\" data-elementor-id=\"1663\" class=\"elementor elementor-1663\" data-elementor-post-type=\"page\">\n\t\t\t\t\t\t<section class=\"elementor-section elementor-top-section elementor-element elementor-element-ad14add elementor-section-boxed elementor-section-height-default elementor-section-height-default\" data-id=\"ad14add\" data-element_type=\"section\" data-e-type=\"section\">\n\t\t\t\t\t\t<div class=\"elementor-container elementor-column-gap-no\">\n\t\t\t\t\t<div class=\"aux-parallax-section elementor-column elementor-col-100 elementor-top-column elementor-element elementor-element-fc40b82\" data-id=\"fc40b82\" data-element_type=\"column\" data-e-type=\"column\">\n\t\t\t<div class=\"elementor-widget-wrap elementor-element-populated\">\n\t\t\t\t\t\t<section class=\"elementor-section elementor-inner-section elementor-element elementor-element-5be7c58 elementor-section-boxed elementor-section-height-default elementor-section-height-default\" data-id=\"5be7c58\" data-element_type=\"section\" data-e-type=\"section\">\n\t\t\t\t\t\t<div class=\"elementor-container elementor-column-gap-no\">\n\t\t\t\t\t<div class=\"aux-parallax-section elementor-column elementor-col-100 elementor-inner-column elementor-element elementor-element-896e66a\" data-id=\"896e66a\" data-element_type=\"column\" data-e-type=\"column\">\n\t\t\t<div class=\"elementor-widget-wrap elementor-element-populated\">\n\t\t\t\t\t\t<div class=\"elementor-element elementor-element-6a30621 elementor-widget__width-auto aux-appear-watch-animation aux-fade-in-left-1 elementor-widget-divider--view-line elementor-widget elementor-widget-divider\" data-id=\"6a30621\" data-element_type=\"widget\" data-e-type=\"widget\" data-widget_type=\"divider.default\">\n\t\t\t\t<div class=\"elementor-widget-container\">\n\t\t\t\t\t\t\t<div class=\"elementor-divider\">\n\t\t\t<span class=\"elementor-divider-separator\">\n\t\t\t\t\t\t<\/span>\n\t\t<\/div>\n\t\t\t\t\t\t<\/div>\n\t\t\t\t<\/div>\n\t\t\t\t<div class=\"elementor-element elementor-element-ae892db elementor-widget__width-auto aux-appear-watch-animation aux-fade-in-right-1 elementor-widget elementor-widget-heading\" data-id=\"ae892db\" data-element_type=\"widget\" data-e-type=\"widget\" data-widget_type=\"heading.default\">\n\t\t\t\t<div class=\"elementor-widget-container\">\n\t\t\t\t\t<h4 class=\"elementor-heading-title elementor-size-default\">Solu\u00e7\u00f5es<\/h4>\t\t\t\t<\/div>\n\t\t\t\t<\/div>\n\t\t\t\t\t<\/div>\n\t\t<\/div>\n\t\t\t\t\t<\/div>\n\t\t<\/section>\n\t\t\t\t<div class=\"elementor-element elementor-element-4102fe8 aux-appear-watch-animation aux-fade-in-up elementor-widget elementor-widget-aux_modern_heading\" data-id=\"4102fe8\" data-element_type=\"widget\" data-e-type=\"widget\" data-widget_type=\"aux_modern_heading.default\">\n\t\t\t\t<div class=\"elementor-widget-container\">\n\t\t\t\t\t<section class=\"aux-widget-modern-heading\">\n            <div class=\"aux-widget-inner\"><h1 class=\"aux-modern-heading-primary\">Conceito do seu Neg\u00f3cio<\/h1><\/div>\n        <\/section>\t\t\t\t<\/div>\n\t\t\t\t<\/div>\n\t\t\t\t\t<\/div>\n\t\t<\/div>\n\t\t\t\t\t<\/div>\n\t\t<\/section>\n\t\t\t\t<section class=\"elementor-section elementor-top-section elementor-element elementor-element-95c7a45 elementor-reverse-mobile elementor-section-boxed elementor-section-height-default elementor-section-height-default\" data-id=\"95c7a45\" data-element_type=\"section\" data-e-type=\"section\">\n\t\t\t\t\t\t<div class=\"elementor-container elementor-column-gap-no\">\n\t\t\t\t\t<div class=\"aux-parallax-section elementor-column elementor-col-50 elementor-top-column elementor-element elementor-element-af4d449 aux-counter-column\" data-id=\"af4d449\" data-element_type=\"column\" data-e-type=\"column\">\n\t\t\t<div class=\"elementor-widget-wrap elementor-element-populated\">\n\t\t\t\t\t\t<div class=\"elementor-element elementor-element-30999bd aux-appear-watch-animation aux-scale-down elementor-widget elementor-widget-image\" data-id=\"30999bd\" data-element_type=\"widget\" data-e-type=\"widget\" data-widget_type=\"image.default\">\n\t\t\t\t<div class=\"elementor-widget-container\">\n\t\t\t\t\t\t\t\t\t\t\t\t\t\t\t<img fetchpriority=\"high\" decoding=\"async\" width=\"957\" height=\"899\" src=\"https:\/\/partiurural.com.br\/wp-content\/uploads\/2024\/09\/img-conceito-957x899-1.jpg\" class=\"attachment-full size-full wp-image-1808\" alt=\"\" srcset=\"https:\/\/partiurural.com.br\/wp-content\/uploads\/2024\/09\/img-conceito-957x899-1.jpg 957w, https:\/\/partiurural.com.br\/wp-content\/uploads\/2024\/09\/img-conceito-957x899-1-13x12.jpg 13w, https:\/\/partiurural.com.br\/wp-content\/uploads\/2024\/09\/img-conceito-957x899-1-200x188.jpg 200w\" sizes=\"(max-width: 957px) 100vw, 957px\" \/>\t\t\t\t\t\t\t\t\t\t\t\t\t\t\t<\/div>\n\t\t\t\t<\/div>\n\t\t\t\t<div class=\"aux-scroll-anim elementor-element elementor-element-d110c5a elementor-widget__width-initial elementor-widget-tablet__width-auto elementor-widget-mobile__width-auto elementor-widget elementor-widget-counter\" data-move-in=\"moveHorizontal\" data-move-out=\"moveHorizontal\" data-axis-x=\"-15\" data-axis-y=\"200\" data-rotate=\"90\" data-scale=\"1\" data-vp-top=\"0.5\" data-vp-bot=\"0.5\" data-el-top=\"0.2\" data-scroll-animation-off=\"1024\" data-id=\"d110c5a\" data-element_type=\"widget\" data-e-type=\"widget\" data-widget_type=\"counter.default\">\n\t\t\t\t<div class=\"elementor-widget-container\">\n\t\t\t\t\t\t\t<div class=\"elementor-counter\">\n\t\t\t<div class=\"elementor-counter-title\">Anos<br><b> Experi\u00eancia<\/b><\/br><\/div>\t\t\t<div class=\"elementor-counter-number-wrapper\">\n\t\t\t\t<span class=\"elementor-counter-number-prefix\">+<\/span>\n\t\t\t\t<span class=\"elementor-counter-number\" data-duration=\"2000\" data-to-value=\"23\" data-from-value=\"0\" data-delimiter=\",\">0<\/span>\n\t\t\t\t<span class=\"elementor-counter-number-suffix\"><\/span>\n\t\t\t<\/div>\n\t\t<\/div>\n\t\t\t\t\t\t<\/div>\n\t\t\t\t<\/div>\n\t\t\t\t\t<\/div>\n\t\t<\/div>\n\t\t\t\t<div class=\"aux-parallax-section elementor-column elementor-col-50 elementor-top-column elementor-element elementor-element-58351f2 aux-find-column\" data-id=\"58351f2\" data-element_type=\"column\" data-e-type=\"column\">\n\t\t\t<div class=\"elementor-widget-wrap elementor-element-populated\">\n\t\t\t\t\t\t<section class=\"elementor-section elementor-inner-section elementor-element elementor-element-b10b3f2 elementor-section-boxed elementor-section-height-default elementor-section-height-default\" data-id=\"b10b3f2\" data-element_type=\"section\" data-e-type=\"section\">\n\t\t\t\t\t\t<div class=\"elementor-container elementor-column-gap-no\">\n\t\t\t\t\t<div class=\"aux-parallax-section elementor-column elementor-col-100 elementor-inner-column elementor-element elementor-element-72907af\" data-id=\"72907af\" data-element_type=\"column\" data-e-type=\"column\">\n\t\t\t<div class=\"elementor-widget-wrap elementor-element-populated\">\n\t\t\t\t\t\t<div class=\"elementor-element elementor-element-2f36309 elementor-widget__width-auto aux-appear-watch-animation aux-fade-in-left-1 elementor-widget-divider--view-line elementor-widget elementor-widget-divider\" data-id=\"2f36309\" data-element_type=\"widget\" data-e-type=\"widget\" data-widget_type=\"divider.default\">\n\t\t\t\t<div class=\"elementor-widget-container\">\n\t\t\t\t\t\t\t<div class=\"elementor-divider\">\n\t\t\t<span class=\"elementor-divider-separator\">\n\t\t\t\t\t\t<\/span>\n\t\t<\/div>\n\t\t\t\t\t\t<\/div>\n\t\t\t\t<\/div>\n\t\t\t\t<div class=\"elementor-element elementor-element-3e18e4b elementor-widget__width-auto aux-appear-watch-animation aux-fade-in-right-1 elementor-widget elementor-widget-heading\" data-id=\"3e18e4b\" data-element_type=\"widget\" data-e-type=\"widget\" data-widget_type=\"heading.default\">\n\t\t\t\t<div class=\"elementor-widget-container\">\n\t\t\t\t\t<h4 class=\"elementor-heading-title elementor-size-default\">descubra mais<\/h4>\t\t\t\t<\/div>\n\t\t\t\t<\/div>\n\t\t\t\t\t<\/div>\n\t\t<\/div>\n\t\t\t\t\t<\/div>\n\t\t<\/section>\n\t\t\t\t<div class=\"elementor-element elementor-element-404cc67 aux-appear-watch-animation aux-fade-in-up elementor-widget elementor-widget-aux_modern_heading\" data-id=\"404cc67\" data-element_type=\"widget\" data-e-type=\"widget\" data-widget_type=\"aux_modern_heading.default\">\n\t\t\t\t<div class=\"elementor-widget-container\">\n\t\t\t\t\t<section class=\"aux-widget-modern-heading\">\n            <div class=\"aux-widget-inner\"><h1 class=\"aux-modern-heading-primary\"><\/h1><div class=\"aux-modern-heading-description\"><p><span style=\"font-weight: 400\"><b>Planejamento e Implanta\u00e7\u00e3o Integral de Neg\u00f3cios em Turismo, Hospitalidade e Gastronomia.<\/b><\/span><\/p><p><span style=\"font-weight: 400\">Nosso trabalho de Desenvolvimento de Conceito e Estrat\u00e9gia de Marketing oferece benef\u00edcios estrat\u00e9gicos e competitivos essenciais para o sucesso da sua empresa. Compreendemos que, para se destacar no mercado, \u00e9 fundamental ter uma identidade clara e uma comunica\u00e7\u00e3o eficaz, que ressoem com seu p\u00fablico-alvo e reflitam a ess\u00eancia do seu neg\u00f3cio.<br \/><br \/>Os benef\u00edcios dessa abordagem integrada s\u00e3o: sua empresa ganha visibilidade, aumenta sua competitividade e constr\u00f3i uma marca s\u00f3lida e coerente, capaz de atrair e fidelizar clientes. Al\u00e9m disso, ao trabalhar com uma estrat\u00e9gia alinhada aos seus valores e objetivos, voc\u00ea garante que cada a\u00e7\u00e3o de marketing contribua diretamente para o crescimento sustent\u00e1vel e o sucesso de longo prazo do seu neg\u00f3cio.<br \/><\/span><\/p><\/div><\/div>\n        <\/section>\t\t\t\t<\/div>\n\t\t\t\t<\/div>\n\t\t\t\t\t<\/div>\n\t\t<\/div>\n\t\t\t\t\t<\/div>\n\t\t<\/section>\n\t\t\t\t<section class=\"elementor-section elementor-top-section elementor-element elementor-element-785a317 elementor-reverse-mobile elementor-section-boxed elementor-section-height-default elementor-section-height-default\" data-id=\"785a317\" data-element_type=\"section\" data-e-type=\"section\">\n\t\t\t\t\t\t<div class=\"elementor-container elementor-column-gap-no\">\n\t\t\t\t\t<div class=\"aux-parallax-section elementor-column elementor-col-100 elementor-top-column elementor-element elementor-element-9203207 aux-toggle\" data-id=\"9203207\" data-element_type=\"column\" data-e-type=\"column\">\n\t\t\t<div class=\"elementor-widget-wrap elementor-element-populated\">\n\t\t\t\t\t\t<div class=\"elementor-element elementor-element-bf1eaea aux-appear-watch-animation aux-scale-down elementor-widget elementor-widget-aux_accordion\" data-id=\"bf1eaea\" data-element_type=\"widget\" data-e-type=\"widget\" data-widget_type=\"aux_accordion.default\">\n\t\t\t\t<div class=\"elementor-widget-container\">\n\t\t\t\t\t<section class=\"widget-container aux-widget-accordion widget-toggle aux-parent-aud5ea24b9\" style=\"\" ><div class=\"widget-inner  aux-type-toggle\" data-toggle=\"true\"><section class=\"aux-toggle-item\"><h5 id=\"aux-toggle-header-2001\" class=\"aux-toggle-header toggle-header\" tabindex=\"2001\" role=\"tab\" aria-controls=\"aux-toggle-content-2001\" >Desenvolvimento de Conceito:<\/h5><div id=\"aux-toggle-content-2001\" class=\"aux-toggle-content toggle-content\" tabindex=\"2001\" role=\"tabpanel\" aria-labelledby=\"aux-toggle-header-2001\" ><p>Criamos um conceito \u00fanico e diferenciado para sua empresa, que vai al\u00e9m do simples produto ou servi\u00e7o oferecido. Este conceito \u00e9 baseado nos valores, na hist\u00f3ria e nas particularidades do seu neg\u00f3cio, formando a base para todas as suas a\u00e7\u00f5es de marketing. Um conceito bem desenvolvido n\u00e3o apenas atrai clientes, mas tamb\u00e9m fortalece a marca, gerando reconhecimento e lealdade. Ele permite que sua empresa se destaque em um mercado competitivo, criando uma conex\u00e3o emocional com o p\u00fablico e transmitindo de forma aut\u00eantica o que torna seu neg\u00f3cio especial. Nosso trabalho consiste tamb\u00e9m em alinhar esse conceito com o plano arquitet\u00f4nico, de ambi\u00eancia e mobili\u00e1rio, bem como todo o fluxo de cliente e opera\u00e7\u00e3o.<\/p><\/div><\/section><section class=\"aux-toggle-item\"><h5 id=\"aux-toggle-header-2002\" class=\"aux-toggle-header toggle-header\" tabindex=\"2002\" role=\"tab\" aria-controls=\"aux-toggle-content-2002\" >Estrat\u00e9gia de Marketing:<\/h5><div id=\"aux-toggle-content-2002\" class=\"aux-toggle-content toggle-content\" tabindex=\"2002\" role=\"tabpanel\" aria-labelledby=\"aux-toggle-header-2002\" ><p>\u00a0A partir do conceito, desenvolvemos uma estrat\u00e9gia de marketing personalizada, alinhada aos objetivos do seu neg\u00f3cio e \u00e0s demandas do mercado. Essa estrat\u00e9gia abrange desde a defini\u00e7\u00e3o de canais de comunica\u00e7\u00e3o at\u00e9 a cria\u00e7\u00e3o de campanhas que engajam e convertem. Ao implementar uma estrat\u00e9gia bem estruturada, sua empresa se posiciona de maneira mais eficiente, atinge seu p\u00fablico-alvo com precis\u00e3o e maximiza o retorno sobre os investimentos em marketing.<\/p><\/div><\/section><\/div><\/section><!-- widget-container -->\t\t\t\t<\/div>\n\t\t\t\t<\/div>\n\t\t\t\t\t<\/div>\n\t\t<\/div>\n\t\t\t\t\t<\/div>\n\t\t<\/section>\n\t\t\t\t<\/div>\n\t\t","protected":false},"excerpt":{"rendered":"<p>Solu\u00e7\u00f5es Conceito do seu Neg\u00f3cio Anos Experi\u00eancia + 0 descubra mais Planejamento e Implanta\u00e7\u00e3o Integral de Neg\u00f3cios em Turismo, Hospitalidade e Gastronomia. Nosso trabalho de Desenvolvimento de Conceito e Estrat\u00e9gia de Marketing oferece benef\u00edcios estrat\u00e9gicos e competitivos essenciais para o sucesso da sua empresa. Compreendemos que, para se destacar no mercado, \u00e9 fundamental ter uma [&hellip;]<\/p>\n","protected":false},"author":1,"featured_media":0,"parent":0,"menu_order":0,"comment_status":"closed","ping_status":"closed","template":"","meta":{"footnotes":""},"class_list":["post-1663","page","type-page","status-publish","hentry"],"_links":{"self":[{"href":"https:\/\/partiurural.com.br\/index.php?rest_route=\/wp\/v2\/pages\/1663","targetHints":{"allow":["GET"]}}],"collection":[{"href":"https:\/\/partiurural.com.br\/index.php?rest_route=\/wp\/v2\/pages"}],"about":[{"href":"https:\/\/partiurural.com.br\/index.php?rest_route=\/wp\/v2\/types\/page"}],"author":[{"embeddable":true,"href":"https:\/\/partiurural.com.br\/index.php?rest_route=\/wp\/v2\/users\/1"}],"replies":[{"embeddable":true,"href":"https:\/\/partiurural.com.br\/index.php?rest_route=%2Fwp%2Fv2%2Fcomments&post=1663"}],"version-history":[{"count":0,"href":"https:\/\/partiurural.com.br\/index.php?rest_route=\/wp\/v2\/pages\/1663\/revisions"}],"wp:attachment":[{"href":"https:\/\/partiurural.com.br\/index.php?rest_route=%2Fwp%2Fv2%2Fmedia&parent=1663"}],"curies":[{"name":"wp","href":"https:\/\/api.w.org\/{rel}","templated":true}]}}