{"id":1753,"date":"2024-09-02T17:25:25","date_gmt":"2024-09-02T20:25:25","guid":{"rendered":"https:\/\/partiurural.com.br\/?page_id=1753"},"modified":"2024-09-03T15:08:35","modified_gmt":"2024-09-03T18:08:35","slug":"politicas-publicas","status":"publish","type":"page","link":"https:\/\/partiurural.com.br\/?page_id=1753","title":{"rendered":"Pol\u00edticas P\u00fablicas"},"content":{"rendered":"\t\t<div data-elementor-type=\"wp-page\" data-elementor-id=\"1753\" class=\"elementor elementor-1753\" data-elementor-post-type=\"page\">\n\t\t\t\t\t\t<section class=\"elementor-section elementor-top-section elementor-element elementor-element-ad14add elementor-section-boxed elementor-section-height-default elementor-section-height-default\" data-id=\"ad14add\" data-element_type=\"section\" data-e-type=\"section\">\n\t\t\t\t\t\t<div class=\"elementor-container elementor-column-gap-no\">\n\t\t\t\t\t<div class=\"aux-parallax-section elementor-column elementor-col-100 elementor-top-column elementor-element elementor-element-fc40b82\" data-id=\"fc40b82\" data-element_type=\"column\" data-e-type=\"column\">\n\t\t\t<div class=\"elementor-widget-wrap elementor-element-populated\">\n\t\t\t\t\t\t<section class=\"elementor-section elementor-inner-section elementor-element elementor-element-5be7c58 elementor-section-boxed elementor-section-height-default elementor-section-height-default\" data-id=\"5be7c58\" data-element_type=\"section\" data-e-type=\"section\">\n\t\t\t\t\t\t<div class=\"elementor-container elementor-column-gap-no\">\n\t\t\t\t\t<div class=\"aux-parallax-section elementor-column elementor-col-100 elementor-inner-column elementor-element elementor-element-896e66a\" data-id=\"896e66a\" data-element_type=\"column\" data-e-type=\"column\">\n\t\t\t<div class=\"elementor-widget-wrap elementor-element-populated\">\n\t\t\t\t\t\t<div class=\"elementor-element elementor-element-6a30621 elementor-widget__width-auto aux-appear-watch-animation aux-fade-in-left-1 elementor-widget-divider--view-line elementor-widget elementor-widget-divider\" data-id=\"6a30621\" data-element_type=\"widget\" data-e-type=\"widget\" data-widget_type=\"divider.default\">\n\t\t\t\t<div class=\"elementor-widget-container\">\n\t\t\t\t\t\t\t<div class=\"elementor-divider\">\n\t\t\t<span class=\"elementor-divider-separator\">\n\t\t\t\t\t\t<\/span>\n\t\t<\/div>\n\t\t\t\t\t\t<\/div>\n\t\t\t\t<\/div>\n\t\t\t\t<div class=\"elementor-element elementor-element-ae892db elementor-widget__width-auto aux-appear-watch-animation aux-fade-in-right-1 elementor-widget elementor-widget-heading\" data-id=\"ae892db\" data-element_type=\"widget\" data-e-type=\"widget\" data-widget_type=\"heading.default\">\n\t\t\t\t<div class=\"elementor-widget-container\">\n\t\t\t\t\t<h4 class=\"elementor-heading-title elementor-size-default\">Solu\u00e7\u00f5es<\/h4>\t\t\t\t<\/div>\n\t\t\t\t<\/div>\n\t\t\t\t\t<\/div>\n\t\t<\/div>\n\t\t\t\t\t<\/div>\n\t\t<\/section>\n\t\t\t\t<div class=\"elementor-element elementor-element-4102fe8 aux-appear-watch-animation aux-fade-in-up elementor-widget elementor-widget-aux_modern_heading\" data-id=\"4102fe8\" data-element_type=\"widget\" data-e-type=\"widget\" data-widget_type=\"aux_modern_heading.default\">\n\t\t\t\t<div class=\"elementor-widget-container\">\n\t\t\t\t\t<section class=\"aux-widget-modern-heading\">\n            <div class=\"aux-widget-inner\"><h1 class=\"aux-modern-heading-primary\">Pol\u00edticas P\u00fablicas<\/h1><\/div>\n        <\/section>\t\t\t\t<\/div>\n\t\t\t\t<\/div>\n\t\t\t\t\t<\/div>\n\t\t<\/div>\n\t\t\t\t\t<\/div>\n\t\t<\/section>\n\t\t\t\t<section class=\"elementor-section elementor-top-section elementor-element elementor-element-95c7a45 elementor-reverse-mobile elementor-section-boxed elementor-section-height-default elementor-section-height-default\" data-id=\"95c7a45\" data-element_type=\"section\" data-e-type=\"section\">\n\t\t\t\t\t\t<div class=\"elementor-container elementor-column-gap-no\">\n\t\t\t\t\t<div class=\"aux-parallax-section elementor-column elementor-col-50 elementor-top-column elementor-element elementor-element-af4d449 aux-counter-column\" data-id=\"af4d449\" data-element_type=\"column\" data-e-type=\"column\">\n\t\t\t<div class=\"elementor-widget-wrap elementor-element-populated\">\n\t\t\t\t\t\t<div class=\"elementor-element elementor-element-30999bd aux-appear-watch-animation aux-scale-down elementor-widget elementor-widget-image\" data-id=\"30999bd\" data-element_type=\"widget\" data-e-type=\"widget\" data-widget_type=\"image.default\">\n\t\t\t\t<div class=\"elementor-widget-container\">\n\t\t\t\t\t\t\t\t\t\t\t\t\t\t\t<img fetchpriority=\"high\" decoding=\"async\" width=\"958\" height=\"937\" src=\"https:\/\/partiurural.com.br\/wp-content\/uploads\/2021\/03\/img-politicas-publicas-958x937-1.jpg\" class=\"attachment-full size-full wp-image-1538\" alt=\"\" srcset=\"https:\/\/partiurural.com.br\/wp-content\/uploads\/2021\/03\/img-politicas-publicas-958x937-1.jpg 958w, https:\/\/partiurural.com.br\/wp-content\/uploads\/2021\/03\/img-politicas-publicas-958x937-1-12x12.jpg 12w, https:\/\/partiurural.com.br\/wp-content\/uploads\/2021\/03\/img-politicas-publicas-958x937-1-200x196.jpg 200w\" sizes=\"(max-width: 958px) 100vw, 958px\" \/>\t\t\t\t\t\t\t\t\t\t\t\t\t\t\t<\/div>\n\t\t\t\t<\/div>\n\t\t\t\t<div class=\"aux-scroll-anim elementor-element elementor-element-d110c5a elementor-widget__width-initial elementor-widget-tablet__width-auto elementor-widget-mobile__width-auto elementor-widget elementor-widget-counter\" data-move-in=\"moveHorizontal\" data-move-out=\"moveHorizontal\" data-axis-x=\"-15\" data-axis-y=\"200\" data-rotate=\"90\" data-scale=\"1\" data-vp-top=\"0.5\" data-vp-bot=\"0.5\" data-el-top=\"0.2\" data-scroll-animation-off=\"1024\" data-id=\"d110c5a\" data-element_type=\"widget\" data-e-type=\"widget\" data-widget_type=\"counter.default\">\n\t\t\t\t<div class=\"elementor-widget-container\">\n\t\t\t\t\t\t\t<div class=\"elementor-counter\">\n\t\t\t<div class=\"elementor-counter-title\">Anos<br><b> Experi\u00eancia<\/b><\/br><\/div>\t\t\t<div class=\"elementor-counter-number-wrapper\">\n\t\t\t\t<span class=\"elementor-counter-number-prefix\">+<\/span>\n\t\t\t\t<span class=\"elementor-counter-number\" data-duration=\"2000\" data-to-value=\"23\" data-from-value=\"0\" data-delimiter=\",\">0<\/span>\n\t\t\t\t<span class=\"elementor-counter-number-suffix\"><\/span>\n\t\t\t<\/div>\n\t\t<\/div>\n\t\t\t\t\t\t<\/div>\n\t\t\t\t<\/div>\n\t\t\t\t\t<\/div>\n\t\t<\/div>\n\t\t\t\t<div class=\"aux-parallax-section elementor-column elementor-col-50 elementor-top-column elementor-element elementor-element-58351f2 aux-find-column\" data-id=\"58351f2\" data-element_type=\"column\" data-e-type=\"column\">\n\t\t\t<div class=\"elementor-widget-wrap elementor-element-populated\">\n\t\t\t\t\t\t<section class=\"elementor-section elementor-inner-section elementor-element elementor-element-b10b3f2 elementor-section-boxed elementor-section-height-default elementor-section-height-default\" data-id=\"b10b3f2\" data-element_type=\"section\" data-e-type=\"section\">\n\t\t\t\t\t\t<div class=\"elementor-container elementor-column-gap-no\">\n\t\t\t\t\t<div class=\"aux-parallax-section elementor-column elementor-col-100 elementor-inner-column elementor-element elementor-element-72907af\" data-id=\"72907af\" data-element_type=\"column\" data-e-type=\"column\">\n\t\t\t<div class=\"elementor-widget-wrap elementor-element-populated\">\n\t\t\t\t\t\t<div class=\"elementor-element elementor-element-2f36309 elementor-widget__width-auto aux-appear-watch-animation aux-fade-in-left-1 elementor-widget-divider--view-line elementor-widget elementor-widget-divider\" data-id=\"2f36309\" data-element_type=\"widget\" data-e-type=\"widget\" data-widget_type=\"divider.default\">\n\t\t\t\t<div class=\"elementor-widget-container\">\n\t\t\t\t\t\t\t<div class=\"elementor-divider\">\n\t\t\t<span class=\"elementor-divider-separator\">\n\t\t\t\t\t\t<\/span>\n\t\t<\/div>\n\t\t\t\t\t\t<\/div>\n\t\t\t\t<\/div>\n\t\t\t\t<div class=\"elementor-element elementor-element-3e18e4b elementor-widget__width-auto aux-appear-watch-animation aux-fade-in-right-1 elementor-widget elementor-widget-heading\" data-id=\"3e18e4b\" data-element_type=\"widget\" data-e-type=\"widget\" data-widget_type=\"heading.default\">\n\t\t\t\t<div class=\"elementor-widget-container\">\n\t\t\t\t\t<h4 class=\"elementor-heading-title elementor-size-default\">descubra mais<\/h4>\t\t\t\t<\/div>\n\t\t\t\t<\/div>\n\t\t\t\t\t<\/div>\n\t\t<\/div>\n\t\t\t\t\t<\/div>\n\t\t<\/section>\n\t\t\t\t<div class=\"elementor-element elementor-element-404cc67 aux-appear-watch-animation aux-fade-in-up elementor-widget elementor-widget-aux_modern_heading\" data-id=\"404cc67\" data-element_type=\"widget\" data-e-type=\"widget\" data-widget_type=\"aux_modern_heading.default\">\n\t\t\t\t<div class=\"elementor-widget-container\">\n\t\t\t\t\t<section class=\"aux-widget-modern-heading\">\n            <div class=\"aux-widget-inner\"><h1 class=\"aux-modern-heading-primary\"><\/h1><div class=\"aux-modern-heading-description\"><p>Nossos produtos voltados para as pol\u00edticas p\u00fablicas de turismo oferecem benef\u00edcios essenciais para o desenvolvimento e a sustentabilidade do setor em munic\u00edpios e regi\u00f5es que buscam se destacar no mercado tur\u00edstico. Atuamos em duas frentes principais: Plano Diretor de Turismo e Capacita\u00e7\u00e3o de Conselhos Municipais de Turismo (COMTUR).<br \/><br \/>Ao investir nesses produtos, os munic\u00edpios se posicionam de maneira mais competitiva no mercado tur\u00edstico, com uma gest\u00e3o mais eficaz e uma vis\u00e3o de longo prazo que promove o crescimento sustent\u00e1vel. Al\u00e9m disso, as pol\u00edticas p\u00fablicas de turismo se tornam mais robustas e alinhadas \u00e0s necessidades locais, gerando resultados positivos para a economia, a sociedade e o meio ambiente.<\/p><\/div><\/div>\n        <\/section>\t\t\t\t<\/div>\n\t\t\t\t<\/div>\n\t\t\t\t\t<\/div>\n\t\t<\/div>\n\t\t\t\t\t<\/div>\n\t\t<\/section>\n\t\t\t\t<section class=\"elementor-section elementor-top-section elementor-element elementor-element-785a317 elementor-reverse-mobile elementor-section-boxed elementor-section-height-default elementor-section-height-default\" data-id=\"785a317\" data-element_type=\"section\" data-e-type=\"section\">\n\t\t\t\t\t\t<div class=\"elementor-container elementor-column-gap-no\">\n\t\t\t\t\t<div class=\"aux-parallax-section elementor-column elementor-col-100 elementor-top-column elementor-element elementor-element-9203207 aux-toggle\" data-id=\"9203207\" data-element_type=\"column\" data-e-type=\"column\">\n\t\t\t<div class=\"elementor-widget-wrap elementor-element-populated\">\n\t\t\t\t\t\t<div class=\"elementor-element elementor-element-bf1eaea aux-appear-watch-animation aux-scale-down elementor-widget elementor-widget-aux_accordion\" data-id=\"bf1eaea\" data-element_type=\"widget\" data-e-type=\"widget\" data-widget_type=\"aux_accordion.default\">\n\t\t\t\t<div class=\"elementor-widget-container\">\n\t\t\t\t\t<section class=\"widget-container aux-widget-accordion widget-toggle aux-parent-au603b1965\" style=\"\" ><div class=\"widget-inner  aux-type-toggle\" data-toggle=\"true\"><section class=\"aux-toggle-item\"><h5 id=\"aux-toggle-header-2001\" class=\"aux-toggle-header toggle-header\" tabindex=\"2001\" role=\"tab\" aria-controls=\"aux-toggle-content-2001\" >Plano Diretor de Turismo<\/h5><div id=\"aux-toggle-content-2001\" class=\"aux-toggle-content toggle-content\" tabindex=\"2001\" role=\"tabpanel\" aria-labelledby=\"aux-toggle-header-2001\" ><p>A cria\u00e7\u00e3o de um Plano Diretor de Turismo \u00e9 fundamental para orientar o desenvolvimento tur\u00edstico de uma cidade ou regi\u00e3o de forma estruturada e sustent\u00e1vel. Nosso trabalho envolve a elabora\u00e7\u00e3o de um plano detalhado, que considera as potencialidades locais, recursos naturais, culturais e hist\u00f3ricos, e define estrat\u00e9gias claras para o crescimento ordenado do turismo. Com um plano diretor bem estruturado, os munic\u00edpios podem atrair investimentos, fomentar o desenvolvimento econ\u00f4mico, preservar o patrim\u00f4nio e melhorar a qualidade de vida dos residentes, garantindo que o turismo seja uma atividade inclusiva e ben\u00e9fica para todos.<\/p><\/div><\/section><section class=\"aux-toggle-item\"><h5 id=\"aux-toggle-header-2002\" class=\"aux-toggle-header toggle-header\" tabindex=\"2002\" role=\"tab\" aria-controls=\"aux-toggle-content-2002\" >Capacita\u00e7\u00e3o de COMTUR<\/h5><div id=\"aux-toggle-content-2002\" class=\"aux-toggle-content toggle-content\" tabindex=\"2002\" role=\"tabpanel\" aria-labelledby=\"aux-toggle-header-2002\" ><p>O Conselho Municipal de Turismo (COMTUR) desempenha um papel crucial na gest\u00e3o do turismo local. Nossa capacita\u00e7\u00e3o \u00e9 focada em fortalecer as compet\u00eancias dos membros do COMTUR, oferecendo treinamentos que abordam desde a compreens\u00e3o das pol\u00edticas p\u00fablicas e legisla\u00e7\u00f5es at\u00e9 a elabora\u00e7\u00e3o de projetos e estrat\u00e9gias para o desenvolvimento tur\u00edstico. Um COMTUR capacitado \u00e9 capaz de atuar de forma mais eficaz, promovendo a\u00e7\u00f5es que realmente impactam o turismo local, incentivando a participa\u00e7\u00e3o da comunidade e estabelecendo parcerias estrat\u00e9gicas que impulsionam o setor.<\/p><\/div><\/section><\/div><\/section><!-- widget-container -->\t\t\t\t<\/div>\n\t\t\t\t<\/div>\n\t\t\t\t\t<\/div>\n\t\t<\/div>\n\t\t\t\t\t<\/div>\n\t\t<\/section>\n\t\t\t\t<\/div>\n\t\t","protected":false},"excerpt":{"rendered":"<p>Solu\u00e7\u00f5es Pol\u00edticas P\u00fablicas Anos Experi\u00eancia + 0 descubra mais Nossos produtos voltados para as pol\u00edticas p\u00fablicas de turismo oferecem benef\u00edcios essenciais para o desenvolvimento e a sustentabilidade do setor em munic\u00edpios e regi\u00f5es que buscam se destacar no mercado tur\u00edstico. Atuamos em duas frentes principais: Plano Diretor de Turismo e Capacita\u00e7\u00e3o de Conselhos Municipais de [&hellip;]<\/p>\n","protected":false},"author":1,"featured_media":0,"parent":0,"menu_order":0,"comment_status":"closed","ping_status":"closed","template":"","meta":{"footnotes":""},"class_list":["post-1753","page","type-page","status-publish","hentry"],"_links":{"self":[{"href":"https:\/\/partiurural.com.br\/index.php?rest_route=\/wp\/v2\/pages\/1753","targetHints":{"allow":["GET"]}}],"collection":[{"href":"https:\/\/partiurural.com.br\/index.php?rest_route=\/wp\/v2\/pages"}],"about":[{"href":"https:\/\/partiurural.com.br\/index.php?rest_route=\/wp\/v2\/types\/page"}],"author":[{"embeddable":true,"href":"https:\/\/partiurural.com.br\/index.php?rest_route=\/wp\/v2\/users\/1"}],"replies":[{"embeddable":true,"href":"https:\/\/partiurural.com.br\/index.php?rest_route=%2Fwp%2Fv2%2Fcomments&post=1753"}],"version-history":[{"count":0,"href":"https:\/\/partiurural.com.br\/index.php?rest_route=\/wp\/v2\/pages\/1753\/revisions"}],"wp:attachment":[{"href":"https:\/\/partiurural.com.br\/index.php?rest_route=%2Fwp%2Fv2%2Fmedia&parent=1753"}],"curies":[{"name":"wp","href":"https:\/\/api.w.org\/{rel}","templated":true}]}}