{"id":1778,"date":"2024-09-03T14:41:57","date_gmt":"2024-09-03T17:41:57","guid":{"rendered":"https:\/\/partiurural.com.br\/?page_id=1778"},"modified":"2024-09-03T15:42:44","modified_gmt":"2024-09-03T18:42:44","slug":"treinamento","status":"publish","type":"page","link":"https:\/\/partiurural.com.br\/?page_id=1778","title":{"rendered":"Treinamento"},"content":{"rendered":"\t\t<div data-elementor-type=\"wp-page\" data-elementor-id=\"1778\" class=\"elementor elementor-1778\" data-elementor-post-type=\"page\">\n\t\t\t\t\t\t<section class=\"elementor-section elementor-top-section elementor-element elementor-element-ad14add elementor-section-boxed elementor-section-height-default elementor-section-height-default\" data-id=\"ad14add\" data-element_type=\"section\" data-e-type=\"section\">\n\t\t\t\t\t\t<div class=\"elementor-container elementor-column-gap-no\">\n\t\t\t\t\t<div class=\"aux-parallax-section elementor-column elementor-col-100 elementor-top-column elementor-element elementor-element-fc40b82\" data-id=\"fc40b82\" data-element_type=\"column\" data-e-type=\"column\">\n\t\t\t<div class=\"elementor-widget-wrap elementor-element-populated\">\n\t\t\t\t\t\t<section class=\"elementor-section elementor-inner-section elementor-element elementor-element-5be7c58 elementor-section-boxed elementor-section-height-default elementor-section-height-default\" data-id=\"5be7c58\" data-element_type=\"section\" data-e-type=\"section\">\n\t\t\t\t\t\t<div class=\"elementor-container elementor-column-gap-no\">\n\t\t\t\t\t<div class=\"aux-parallax-section elementor-column elementor-col-100 elementor-inner-column elementor-element elementor-element-896e66a\" data-id=\"896e66a\" data-element_type=\"column\" data-e-type=\"column\">\n\t\t\t<div class=\"elementor-widget-wrap elementor-element-populated\">\n\t\t\t\t\t\t<div class=\"elementor-element elementor-element-6a30621 elementor-widget__width-auto aux-appear-watch-animation aux-fade-in-left-1 elementor-widget-divider--view-line elementor-widget elementor-widget-divider\" data-id=\"6a30621\" data-element_type=\"widget\" data-e-type=\"widget\" data-widget_type=\"divider.default\">\n\t\t\t\t<div class=\"elementor-widget-container\">\n\t\t\t\t\t\t\t<div class=\"elementor-divider\">\n\t\t\t<span class=\"elementor-divider-separator\">\n\t\t\t\t\t\t<\/span>\n\t\t<\/div>\n\t\t\t\t\t\t<\/div>\n\t\t\t\t<\/div>\n\t\t\t\t<div class=\"elementor-element elementor-element-ae892db elementor-widget__width-auto aux-appear-watch-animation aux-fade-in-right-1 elementor-widget elementor-widget-heading\" data-id=\"ae892db\" data-element_type=\"widget\" data-e-type=\"widget\" data-widget_type=\"heading.default\">\n\t\t\t\t<div class=\"elementor-widget-container\">\n\t\t\t\t\t<h4 class=\"elementor-heading-title elementor-size-default\">Solu\u00e7\u00f5es<\/h4>\t\t\t\t<\/div>\n\t\t\t\t<\/div>\n\t\t\t\t\t<\/div>\n\t\t<\/div>\n\t\t\t\t\t<\/div>\n\t\t<\/section>\n\t\t\t\t<div class=\"elementor-element elementor-element-4102fe8 aux-appear-watch-animation aux-fade-in-up elementor-widget elementor-widget-aux_modern_heading\" data-id=\"4102fe8\" data-element_type=\"widget\" data-e-type=\"widget\" data-widget_type=\"aux_modern_heading.default\">\n\t\t\t\t<div class=\"elementor-widget-container\">\n\t\t\t\t\t<section class=\"aux-widget-modern-heading\">\n            <div class=\"aux-widget-inner\"><h1 class=\"aux-modern-heading-primary\">Treinamento e Capacita\u00e7\u00e3o<\/h1><\/div>\n        <\/section>\t\t\t\t<\/div>\n\t\t\t\t<\/div>\n\t\t\t\t\t<\/div>\n\t\t<\/div>\n\t\t\t\t\t<\/div>\n\t\t<\/section>\n\t\t\t\t<section class=\"elementor-section elementor-top-section elementor-element elementor-element-95c7a45 elementor-reverse-mobile elementor-section-boxed elementor-section-height-default elementor-section-height-default\" data-id=\"95c7a45\" data-element_type=\"section\" data-e-type=\"section\">\n\t\t\t\t\t\t<div class=\"elementor-container elementor-column-gap-no\">\n\t\t\t\t\t<div class=\"aux-parallax-section elementor-column elementor-col-50 elementor-top-column elementor-element elementor-element-af4d449 aux-counter-column\" data-id=\"af4d449\" data-element_type=\"column\" data-e-type=\"column\">\n\t\t\t<div class=\"elementor-widget-wrap elementor-element-populated\">\n\t\t\t\t\t\t<div class=\"elementor-element elementor-element-30999bd aux-appear-watch-animation aux-scale-down elementor-widget elementor-widget-image\" data-id=\"30999bd\" data-element_type=\"widget\" data-e-type=\"widget\" data-widget_type=\"image.default\">\n\t\t\t\t<div class=\"elementor-widget-container\">\n\t\t\t\t\t\t\t\t\t\t\t\t\t\t\t<img fetchpriority=\"high\" decoding=\"async\" width=\"957\" height=\"899\" src=\"https:\/\/partiurural.com.br\/wp-content\/uploads\/2024\/09\/img-capacitacao-957x899-1.jpg\" class=\"attachment-full size-full wp-image-1816\" alt=\"\" srcset=\"https:\/\/partiurural.com.br\/wp-content\/uploads\/2024\/09\/img-capacitacao-957x899-1.jpg 957w, https:\/\/partiurural.com.br\/wp-content\/uploads\/2024\/09\/img-capacitacao-957x899-1-13x12.jpg 13w, https:\/\/partiurural.com.br\/wp-content\/uploads\/2024\/09\/img-capacitacao-957x899-1-200x188.jpg 200w\" sizes=\"(max-width: 957px) 100vw, 957px\" \/>\t\t\t\t\t\t\t\t\t\t\t\t\t\t\t<\/div>\n\t\t\t\t<\/div>\n\t\t\t\t<div class=\"aux-scroll-anim elementor-element elementor-element-d110c5a elementor-widget__width-initial elementor-widget-tablet__width-auto elementor-widget-mobile__width-auto elementor-widget elementor-widget-counter\" data-move-in=\"moveHorizontal\" data-move-out=\"moveHorizontal\" data-axis-x=\"-15\" data-axis-y=\"200\" data-rotate=\"90\" data-scale=\"1\" data-vp-top=\"0.5\" data-vp-bot=\"0.5\" data-el-top=\"0.2\" data-scroll-animation-off=\"1024\" data-id=\"d110c5a\" data-element_type=\"widget\" data-e-type=\"widget\" data-widget_type=\"counter.default\">\n\t\t\t\t<div class=\"elementor-widget-container\">\n\t\t\t\t\t\t\t<div class=\"elementor-counter\">\n\t\t\t<div class=\"elementor-counter-title\">Anos<br><b> Experi\u00eancia<\/b><\/br><\/div>\t\t\t<div class=\"elementor-counter-number-wrapper\">\n\t\t\t\t<span class=\"elementor-counter-number-prefix\">+<\/span>\n\t\t\t\t<span class=\"elementor-counter-number\" data-duration=\"2000\" data-to-value=\"23\" data-from-value=\"0\" data-delimiter=\",\">0<\/span>\n\t\t\t\t<span class=\"elementor-counter-number-suffix\"><\/span>\n\t\t\t<\/div>\n\t\t<\/div>\n\t\t\t\t\t\t<\/div>\n\t\t\t\t<\/div>\n\t\t\t\t\t<\/div>\n\t\t<\/div>\n\t\t\t\t<div class=\"aux-parallax-section elementor-column elementor-col-50 elementor-top-column elementor-element elementor-element-58351f2 aux-find-column\" data-id=\"58351f2\" data-element_type=\"column\" data-e-type=\"column\">\n\t\t\t<div class=\"elementor-widget-wrap elementor-element-populated\">\n\t\t\t\t\t\t<section class=\"elementor-section elementor-inner-section elementor-element elementor-element-b10b3f2 elementor-section-boxed elementor-section-height-default elementor-section-height-default\" data-id=\"b10b3f2\" data-element_type=\"section\" data-e-type=\"section\">\n\t\t\t\t\t\t<div class=\"elementor-container elementor-column-gap-no\">\n\t\t\t\t\t<div class=\"aux-parallax-section elementor-column elementor-col-100 elementor-inner-column elementor-element elementor-element-72907af\" data-id=\"72907af\" data-element_type=\"column\" data-e-type=\"column\">\n\t\t\t<div class=\"elementor-widget-wrap elementor-element-populated\">\n\t\t\t\t\t\t<div class=\"elementor-element elementor-element-2f36309 elementor-widget__width-auto aux-appear-watch-animation aux-fade-in-left-1 elementor-widget-divider--view-line elementor-widget elementor-widget-divider\" data-id=\"2f36309\" data-element_type=\"widget\" data-e-type=\"widget\" data-widget_type=\"divider.default\">\n\t\t\t\t<div class=\"elementor-widget-container\">\n\t\t\t\t\t\t\t<div class=\"elementor-divider\">\n\t\t\t<span class=\"elementor-divider-separator\">\n\t\t\t\t\t\t<\/span>\n\t\t<\/div>\n\t\t\t\t\t\t<\/div>\n\t\t\t\t<\/div>\n\t\t\t\t<div class=\"elementor-element elementor-element-3e18e4b elementor-widget__width-auto aux-appear-watch-animation aux-fade-in-right-1 elementor-widget elementor-widget-heading\" data-id=\"3e18e4b\" data-element_type=\"widget\" data-e-type=\"widget\" data-widget_type=\"heading.default\">\n\t\t\t\t<div class=\"elementor-widget-container\">\n\t\t\t\t\t<h4 class=\"elementor-heading-title elementor-size-default\">descubra mais<\/h4>\t\t\t\t<\/div>\n\t\t\t\t<\/div>\n\t\t\t\t\t<\/div>\n\t\t<\/div>\n\t\t\t\t\t<\/div>\n\t\t<\/section>\n\t\t\t\t<div class=\"elementor-element elementor-element-404cc67 aux-appear-watch-animation aux-fade-in-up elementor-widget elementor-widget-aux_modern_heading\" data-id=\"404cc67\" data-element_type=\"widget\" data-e-type=\"widget\" data-widget_type=\"aux_modern_heading.default\">\n\t\t\t\t<div class=\"elementor-widget-container\">\n\t\t\t\t\t<section class=\"aux-widget-modern-heading\">\n            <div class=\"aux-widget-inner\"><h1 class=\"aux-modern-heading-primary\"><\/h1><div class=\"aux-modern-heading-description\"><p>Nosso trabalho de capacita\u00e7\u00e3o gerencial e treinamento operacional personalizado oferece benef\u00edcios significativos para as empresas, especialmente no contexto de neg\u00f3cios familiares rurais e tur\u00edsticos. Ao focar na qualifica\u00e7\u00e3o e no desenvolvimento das equipes, proporcionamos uma base s\u00f3lida para a excel\u00eancia operacional e a gest\u00e3o eficiente, essenciais para o sucesso e a sustentabilidade do empreendimento.<\/p><p>O impacto dessas a\u00e7\u00f5es \u00e9 vis\u00edvel n\u00e3o apenas na performance operacional, mas tamb\u00e9m na satisfa\u00e7\u00e3o e engajamento dos funcion\u00e1rios, que se sentem valorizados e preparados para contribuir com o sucesso da empresa. Ao investir na capacita\u00e7\u00e3o e treinamento personalizados, sua empresa estar\u00e1 melhor equipada para enfrentar desafios, promover um crescimento sustent\u00e1vel e se destacar no mercado.<\/p><\/div><\/div>\n        <\/section>\t\t\t\t<\/div>\n\t\t\t\t<\/div>\n\t\t\t\t\t<\/div>\n\t\t<\/div>\n\t\t\t\t\t<\/div>\n\t\t<\/section>\n\t\t\t\t<section class=\"elementor-section elementor-top-section elementor-element elementor-element-785a317 elementor-reverse-mobile elementor-section-boxed elementor-section-height-default elementor-section-height-default\" data-id=\"785a317\" data-element_type=\"section\" data-e-type=\"section\">\n\t\t\t\t\t\t<div class=\"elementor-container elementor-column-gap-no\">\n\t\t\t\t\t<div class=\"aux-parallax-section elementor-column elementor-col-100 elementor-top-column elementor-element elementor-element-9203207 aux-toggle\" data-id=\"9203207\" data-element_type=\"column\" data-e-type=\"column\">\n\t\t\t<div class=\"elementor-widget-wrap elementor-element-populated\">\n\t\t\t\t\t\t<div class=\"elementor-element elementor-element-bf1eaea aux-appear-watch-animation aux-scale-down elementor-widget elementor-widget-aux_accordion\" data-id=\"bf1eaea\" data-element_type=\"widget\" data-e-type=\"widget\" data-widget_type=\"aux_accordion.default\">\n\t\t\t\t<div class=\"elementor-widget-container\">\n\t\t\t\t\t<section class=\"widget-container aux-widget-accordion widget-toggle aux-parent-au03d0b341\" style=\"\" ><div class=\"widget-inner  aux-type-toggle\" data-toggle=\"true\"><section class=\"aux-toggle-item\"><h5 id=\"aux-toggle-header-2001\" class=\"aux-toggle-header toggle-header\" tabindex=\"2001\" role=\"tab\" aria-controls=\"aux-toggle-content-2001\" >Capacita\u00e7\u00e3o Gerencial<\/h5><div id=\"aux-toggle-content-2001\" class=\"aux-toggle-content toggle-content\" tabindex=\"2001\" role=\"tabpanel\" aria-labelledby=\"aux-toggle-header-2001\" ><p><span style=\"font-weight: 400\">\u00a0Nosso programa de capacita\u00e7\u00e3o gerencial \u00e9 projetado para fortalecer as habilidades de lideran\u00e7a, tomada de decis\u00e3o e planejamento estrat\u00e9gico dos gestores. Ao capacitar a equipe gerencial, ajudamos a criar um ambiente de trabalho mais organizado e produtivo, onde os desafios s\u00e3o enfrentados com mais confian\u00e7a e assertividade. Isso resulta em uma gest\u00e3o mais eficaz, com processos otimizados e maior capacidade de inova\u00e7\u00e3o, impactando diretamente na rentabilidade e competitividade da empresa.<\/span><b><\/b><\/p><\/div><\/section><section class=\"aux-toggle-item\"><h5 id=\"aux-toggle-header-2002\" class=\"aux-toggle-header toggle-header\" tabindex=\"2002\" role=\"tab\" aria-controls=\"aux-toggle-content-2002\" >Treinamento Operacional Personalizado<\/h5><div id=\"aux-toggle-content-2002\" class=\"aux-toggle-content toggle-content\" tabindex=\"2002\" role=\"tabpanel\" aria-labelledby=\"aux-toggle-header-2002\" ><p>Cada empreendimento \u00e9 \u00fanico, e \u00e9 por isso que desenvolvemos treinamentos operacionais sob medida, adaptados \u00e0s especificidades de cada neg\u00f3cio. Esse treinamento personalizado garante que os colaboradores compreendam profundamente as opera\u00e7\u00f5es di\u00e1rias, alinhando suas pr\u00e1ticas aos objetivos e padr\u00f5es da empresa. Com isso, h\u00e1 uma melhora na qualidade dos servi\u00e7os prestados, maior efici\u00eancia no uso dos recursos e uma experi\u00eancia mais satisfat\u00f3ria para os clientes.<\/p><\/div><\/section><\/div><\/section><!-- widget-container -->\t\t\t\t<\/div>\n\t\t\t\t<\/div>\n\t\t\t\t\t<\/div>\n\t\t<\/div>\n\t\t\t\t\t<\/div>\n\t\t<\/section>\n\t\t\t\t<\/div>\n\t\t","protected":false},"excerpt":{"rendered":"<p>Solu\u00e7\u00f5es Treinamento e Capacita\u00e7\u00e3o Anos Experi\u00eancia + 0 descubra mais Nosso trabalho de capacita\u00e7\u00e3o gerencial e treinamento operacional personalizado oferece benef\u00edcios significativos para as empresas, especialmente no contexto de neg\u00f3cios familiares rurais e tur\u00edsticos. Ao focar na qualifica\u00e7\u00e3o e no desenvolvimento das equipes, proporcionamos uma base s\u00f3lida para a excel\u00eancia operacional e a gest\u00e3o eficiente, [&hellip;]<\/p>\n","protected":false},"author":1,"featured_media":0,"parent":0,"menu_order":0,"comment_status":"closed","ping_status":"closed","template":"","meta":{"footnotes":""},"class_list":["post-1778","page","type-page","status-publish","hentry"],"_links":{"self":[{"href":"https:\/\/partiurural.com.br\/index.php?rest_route=\/wp\/v2\/pages\/1778","targetHints":{"allow":["GET"]}}],"collection":[{"href":"https:\/\/partiurural.com.br\/index.php?rest_route=\/wp\/v2\/pages"}],"about":[{"href":"https:\/\/partiurural.com.br\/index.php?rest_route=\/wp\/v2\/types\/page"}],"author":[{"embeddable":true,"href":"https:\/\/partiurural.com.br\/index.php?rest_route=\/wp\/v2\/users\/1"}],"replies":[{"embeddable":true,"href":"https:\/\/partiurural.com.br\/index.php?rest_route=%2Fwp%2Fv2%2Fcomments&post=1778"}],"version-history":[{"count":0,"href":"https:\/\/partiurural.com.br\/index.php?rest_route=\/wp\/v2\/pages\/1778\/revisions"}],"wp:attachment":[{"href":"https:\/\/partiurural.com.br\/index.php?rest_route=%2Fwp%2Fv2%2Fmedia&parent=1778"}],"curies":[{"name":"wp","href":"https:\/\/api.w.org\/{rel}","templated":true}]}}