{"id":1822,"date":"2024-09-03T15:45:16","date_gmt":"2024-09-03T18:45:16","guid":{"rendered":"https:\/\/partiurural.com.br\/?page_id=1822"},"modified":"2024-09-05T14:42:53","modified_gmt":"2024-09-05T17:42:53","slug":"cursos","status":"publish","type":"page","link":"https:\/\/partiurural.com.br\/?page_id=1822","title":{"rendered":"Cursos"},"content":{"rendered":"\t\t<div data-elementor-type=\"wp-page\" data-elementor-id=\"1822\" class=\"elementor elementor-1822\" data-elementor-post-type=\"page\">\n\t\t\t\t\t\t<section class=\"elementor-section elementor-top-section elementor-element elementor-element-ad14add elementor-section-boxed elementor-section-height-default elementor-section-height-default\" data-id=\"ad14add\" data-element_type=\"section\" data-e-type=\"section\">\n\t\t\t\t\t\t<div class=\"elementor-container elementor-column-gap-no\">\n\t\t\t\t\t<div class=\"aux-parallax-section elementor-column elementor-col-100 elementor-top-column elementor-element elementor-element-fc40b82\" data-id=\"fc40b82\" data-element_type=\"column\" data-e-type=\"column\">\n\t\t\t<div class=\"elementor-widget-wrap elementor-element-populated\">\n\t\t\t\t\t\t<section class=\"elementor-section elementor-inner-section elementor-element elementor-element-5be7c58 elementor-section-boxed elementor-section-height-default elementor-section-height-default\" data-id=\"5be7c58\" data-element_type=\"section\" data-e-type=\"section\">\n\t\t\t\t\t\t<div class=\"elementor-container elementor-column-gap-no\">\n\t\t\t\t\t<div class=\"aux-parallax-section elementor-column elementor-col-100 elementor-inner-column elementor-element elementor-element-896e66a\" data-id=\"896e66a\" data-element_type=\"column\" data-e-type=\"column\">\n\t\t\t<div class=\"elementor-widget-wrap elementor-element-populated\">\n\t\t\t\t\t\t<div class=\"elementor-element elementor-element-6a30621 elementor-widget__width-auto aux-appear-watch-animation aux-fade-in-left-1 elementor-widget-divider--view-line elementor-widget elementor-widget-divider\" data-id=\"6a30621\" data-element_type=\"widget\" data-e-type=\"widget\" data-widget_type=\"divider.default\">\n\t\t\t\t<div class=\"elementor-widget-container\">\n\t\t\t\t\t\t\t<div class=\"elementor-divider\">\n\t\t\t<span class=\"elementor-divider-separator\">\n\t\t\t\t\t\t<\/span>\n\t\t<\/div>\n\t\t\t\t\t\t<\/div>\n\t\t\t\t<\/div>\n\t\t\t\t<div class=\"elementor-element elementor-element-ae892db elementor-widget__width-auto aux-appear-watch-animation aux-fade-in-right-1 elementor-widget elementor-widget-heading\" data-id=\"ae892db\" data-element_type=\"widget\" data-e-type=\"widget\" data-widget_type=\"heading.default\">\n\t\t\t\t<div class=\"elementor-widget-container\">\n\t\t\t\t\t<h4 class=\"elementor-heading-title elementor-size-default\">Solu\u00e7\u00f5es<\/h4>\t\t\t\t<\/div>\n\t\t\t\t<\/div>\n\t\t\t\t\t<\/div>\n\t\t<\/div>\n\t\t\t\t\t<\/div>\n\t\t<\/section>\n\t\t\t\t<div class=\"elementor-element elementor-element-4102fe8 aux-appear-watch-animation aux-fade-in-up elementor-widget elementor-widget-aux_modern_heading\" data-id=\"4102fe8\" data-element_type=\"widget\" data-e-type=\"widget\" data-widget_type=\"aux_modern_heading.default\">\n\t\t\t\t<div class=\"elementor-widget-container\">\n\t\t\t\t\t<section class=\"aux-widget-modern-heading\">\n            <div class=\"aux-widget-inner\"><h1 class=\"aux-modern-heading-primary\">Cursos FAESP SENAR SP<\/h1><\/div>\n        <\/section>\t\t\t\t<\/div>\n\t\t\t\t<\/div>\n\t\t\t\t\t<\/div>\n\t\t<\/div>\n\t\t\t\t\t<\/div>\n\t\t<\/section>\n\t\t\t\t<section class=\"elementor-section elementor-top-section elementor-element elementor-element-95c7a45 elementor-reverse-mobile elementor-section-boxed elementor-section-height-default elementor-section-height-default\" data-id=\"95c7a45\" data-element_type=\"section\" data-e-type=\"section\">\n\t\t\t\t\t\t<div class=\"elementor-container elementor-column-gap-no\">\n\t\t\t\t\t<div class=\"aux-parallax-section elementor-column elementor-col-50 elementor-top-column elementor-element elementor-element-af4d449 aux-counter-column\" data-id=\"af4d449\" data-element_type=\"column\" data-e-type=\"column\">\n\t\t\t<div class=\"elementor-widget-wrap elementor-element-populated\">\n\t\t\t\t\t\t<div class=\"elementor-element elementor-element-30999bd aux-appear-watch-animation aux-scale-down elementor-widget elementor-widget-image\" data-id=\"30999bd\" data-element_type=\"widget\" data-e-type=\"widget\" data-widget_type=\"image.default\">\n\t\t\t\t<div class=\"elementor-widget-container\">\n\t\t\t\t\t\t\t\t\t\t\t\t\t\t\t<img fetchpriority=\"high\" decoding=\"async\" width=\"957\" height=\"899\" src=\"https:\/\/partiurural.com.br\/wp-content\/uploads\/2024\/09\/img-cursos-957x899-1.jpg\" class=\"attachment-full size-full wp-image-1824\" alt=\"\" srcset=\"https:\/\/partiurural.com.br\/wp-content\/uploads\/2024\/09\/img-cursos-957x899-1.jpg 957w, https:\/\/partiurural.com.br\/wp-content\/uploads\/2024\/09\/img-cursos-957x899-1-13x12.jpg 13w, https:\/\/partiurural.com.br\/wp-content\/uploads\/2024\/09\/img-cursos-957x899-1-200x188.jpg 200w\" sizes=\"(max-width: 957px) 100vw, 957px\" \/>\t\t\t\t\t\t\t\t\t\t\t\t\t\t\t<\/div>\n\t\t\t\t<\/div>\n\t\t\t\t<div class=\"aux-scroll-anim elementor-element elementor-element-d110c5a elementor-widget__width-initial elementor-widget-tablet__width-auto elementor-widget-mobile__width-auto elementor-widget elementor-widget-counter\" data-move-in=\"moveHorizontal\" data-move-out=\"moveHorizontal\" data-axis-x=\"-15\" data-axis-y=\"200\" data-rotate=\"90\" data-scale=\"1\" data-vp-top=\"0.5\" data-vp-bot=\"0.5\" data-el-top=\"0.2\" data-scroll-animation-off=\"1024\" data-id=\"d110c5a\" data-element_type=\"widget\" data-e-type=\"widget\" data-widget_type=\"counter.default\">\n\t\t\t\t<div class=\"elementor-widget-container\">\n\t\t\t\t\t\t\t<div class=\"elementor-counter\">\n\t\t\t<div class=\"elementor-counter-title\">Anos<br><b> Experi\u00eancia<\/b><\/br><\/div>\t\t\t<div class=\"elementor-counter-number-wrapper\">\n\t\t\t\t<span class=\"elementor-counter-number-prefix\">+<\/span>\n\t\t\t\t<span class=\"elementor-counter-number\" data-duration=\"2000\" data-to-value=\"23\" data-from-value=\"0\" data-delimiter=\",\">0<\/span>\n\t\t\t\t<span class=\"elementor-counter-number-suffix\"><\/span>\n\t\t\t<\/div>\n\t\t<\/div>\n\t\t\t\t\t\t<\/div>\n\t\t\t\t<\/div>\n\t\t\t\t\t<\/div>\n\t\t<\/div>\n\t\t\t\t<div class=\"aux-parallax-section elementor-column elementor-col-50 elementor-top-column elementor-element elementor-element-58351f2 aux-find-column\" data-id=\"58351f2\" data-element_type=\"column\" data-e-type=\"column\">\n\t\t\t<div class=\"elementor-widget-wrap elementor-element-populated\">\n\t\t\t\t\t\t<section class=\"elementor-section elementor-inner-section elementor-element elementor-element-b10b3f2 elementor-section-boxed elementor-section-height-default elementor-section-height-default\" data-id=\"b10b3f2\" data-element_type=\"section\" data-e-type=\"section\">\n\t\t\t\t\t\t<div class=\"elementor-container elementor-column-gap-no\">\n\t\t\t\t\t<div class=\"aux-parallax-section elementor-column elementor-col-100 elementor-inner-column elementor-element elementor-element-72907af\" data-id=\"72907af\" data-element_type=\"column\" data-e-type=\"column\">\n\t\t\t<div class=\"elementor-widget-wrap elementor-element-populated\">\n\t\t\t\t\t\t<div class=\"elementor-element elementor-element-2f36309 elementor-widget__width-auto aux-appear-watch-animation aux-fade-in-left-1 elementor-widget-divider--view-line elementor-widget elementor-widget-divider\" data-id=\"2f36309\" data-element_type=\"widget\" data-e-type=\"widget\" data-widget_type=\"divider.default\">\n\t\t\t\t<div class=\"elementor-widget-container\">\n\t\t\t\t\t\t\t<div class=\"elementor-divider\">\n\t\t\t<span class=\"elementor-divider-separator\">\n\t\t\t\t\t\t<\/span>\n\t\t<\/div>\n\t\t\t\t\t\t<\/div>\n\t\t\t\t<\/div>\n\t\t\t\t<div class=\"elementor-element elementor-element-3e18e4b elementor-widget__width-auto aux-appear-watch-animation aux-fade-in-right-1 elementor-widget elementor-widget-heading\" data-id=\"3e18e4b\" data-element_type=\"widget\" data-e-type=\"widget\" data-widget_type=\"heading.default\">\n\t\t\t\t<div class=\"elementor-widget-container\">\n\t\t\t\t\t<h4 class=\"elementor-heading-title elementor-size-default\">descubra mais<\/h4>\t\t\t\t<\/div>\n\t\t\t\t<\/div>\n\t\t\t\t\t<\/div>\n\t\t<\/div>\n\t\t\t\t\t<\/div>\n\t\t<\/section>\n\t\t\t\t<div class=\"elementor-element elementor-element-404cc67 aux-appear-watch-animation aux-fade-in-up elementor-widget elementor-widget-aux_modern_heading\" data-id=\"404cc67\" data-element_type=\"widget\" data-e-type=\"widget\" data-widget_type=\"aux_modern_heading.default\">\n\t\t\t\t<div class=\"elementor-widget-container\">\n\t\t\t\t\t<section class=\"aux-widget-modern-heading\">\n            <div class=\"aux-widget-inner\"><h1 class=\"aux-modern-heading-primary\"><\/h1><div class=\"aux-modern-heading-description\"><p>O Programa Turismo Rural \u2013 Agregando Valor \u00e0 Propriedade, desenvolvido pela Partiu Rural em 2006 para o Senar-SP, em colabora\u00e7\u00e3o com a Professora Miriam Rejowski da USP, \u00e9 uma iniciativa pioneira que busca capacitar propriet\u00e1rios rurais a transformar suas propriedades em empreendimentos tur\u00edsticos bem-sucedidos. Composto por uma s\u00e9rie de m\u00f3dulos integrados, o programa oferece uma abordagem completa e sustent\u00e1vel para o desenvolvimento do turismo no meio rural, permitindo que os participantes explorem novas oportunidades econ\u00f4micas ao mesmo tempo em que preservam a cultura e a identidade local.<br \/><br \/>Estrutura do Programa<br \/>O programa \u00e9 composto por 10 m\u00f3dulos abrangentes, que cobrem desde a identifica\u00e7\u00e3o de oportunidades de neg\u00f3cios at\u00e9 a gest\u00e3o operacional e financeira, passando pelo resgate cultural e pela hospitalidade. Cada m\u00f3dulo foi cuidadosamente desenvolvido para proporcionar uma forma\u00e7\u00e3o completa, capacitando os produtores rurais a criar produtos tur\u00edsticos que valorizem suas propriedades e promovam a cultura local.<\/p><p>Impacto e Resultados<br \/>O Programa Turismo Rural tem se mostrado uma poderosa ferramenta para o desenvolvimento econ\u00f4mico das \u00e1reas rurais de S\u00e3o Paulo, promovendo a integra\u00e7\u00e3o da cultura local ao turismo e incentivando a coopera\u00e7\u00e3o entre propriedades vizinhas. Nosso envolvimento, desde a concep\u00e7\u00e3o at\u00e9 a execu\u00e7\u00e3o dos cursos, tem sido crucial para garantir que os participantes estejam preparados para enfrentar os desafios e aproveitar as oportunidades que o turismo rural oferece.<\/p><\/div><\/div>\n        <\/section>\t\t\t\t<\/div>\n\t\t\t\t<\/div>\n\t\t\t\t\t<\/div>\n\t\t<\/div>\n\t\t\t\t\t<\/div>\n\t\t<\/section>\n\t\t\t\t<section class=\"elementor-section elementor-top-section elementor-element elementor-element-785a317 elementor-reverse-mobile elementor-section-boxed elementor-section-height-default elementor-section-height-default\" data-id=\"785a317\" data-element_type=\"section\" data-e-type=\"section\">\n\t\t\t\t\t\t<div class=\"elementor-container elementor-column-gap-no\">\n\t\t\t\t\t<div class=\"aux-parallax-section elementor-column elementor-col-100 elementor-top-column elementor-element elementor-element-9203207 aux-toggle\" data-id=\"9203207\" data-element_type=\"column\" data-e-type=\"column\">\n\t\t\t<div class=\"elementor-widget-wrap elementor-element-populated\">\n\t\t\t\t\t\t<div class=\"elementor-element elementor-element-bf1eaea aux-appear-watch-animation aux-scale-down elementor-widget elementor-widget-aux_accordion\" data-id=\"bf1eaea\" data-element_type=\"widget\" data-e-type=\"widget\" data-widget_type=\"aux_accordion.default\">\n\t\t\t\t<div class=\"elementor-widget-container\">\n\t\t\t\t\t<section class=\"widget-container aux-widget-accordion widget-toggle aux-parent-auaf860f72\" style=\"\" ><div class=\"widget-inner  aux-type-toggle\" data-toggle=\"true\"><section class=\"aux-toggle-item\"><h5 id=\"aux-toggle-header-2001\" class=\"aux-toggle-header toggle-header\" tabindex=\"2001\" role=\"tab\" aria-controls=\"aux-toggle-content-2001\" >Curso Turismo pedag\u00f3gico no meio rural<\/h5><div id=\"aux-toggle-content-2001\" class=\"aux-toggle-content toggle-content\" tabindex=\"2001\" role=\"tabpanel\" aria-labelledby=\"aux-toggle-header-2001\" ><p>O curso com carga horaria de 32 horas e tem como objetivo implantar o turismo pedag\u00f3gico em propriedades de turismo no meio rural.<\/p><\/div><\/section><section class=\"aux-toggle-item\"><h5 id=\"aux-toggle-header-2002\" class=\"aux-toggle-header toggle-header\" tabindex=\"2002\" role=\"tab\" aria-controls=\"aux-toggle-content-2002\" >Curso Promo\u00e7\u00e3o e comercializa\u00e7\u00e3o de turismo no meio rural<\/h5><div id=\"aux-toggle-content-2002\" class=\"aux-toggle-content toggle-content\" tabindex=\"2002\" role=\"tabpanel\" aria-labelledby=\"aux-toggle-header-2002\" ><p>O curso tem carga horaria de 32 horas e tem como objetivo treinar propriet\u00e1rios de propriedades de turismo no meio rural para comercializar seus produtos tur\u00edsticos.<br \/><br \/><\/p><\/div><\/section><\/div><\/section><!-- widget-container -->\t\t\t\t<\/div>\n\t\t\t\t<\/div>\n\t\t\t\t\t<\/div>\n\t\t<\/div>\n\t\t\t\t\t<\/div>\n\t\t<\/section>\n\t\t\t\t<\/div>\n\t\t","protected":false},"excerpt":{"rendered":"<p>Solu\u00e7\u00f5es Cursos FAESP SENAR SP Anos Experi\u00eancia + 0 descubra mais O Programa Turismo Rural \u2013 Agregando Valor \u00e0 Propriedade, desenvolvido pela Partiu Rural em 2006 para o Senar-SP, em colabora\u00e7\u00e3o com a Professora Miriam Rejowski da USP, \u00e9 uma iniciativa pioneira que busca capacitar propriet\u00e1rios rurais a transformar suas propriedades em empreendimentos tur\u00edsticos bem-sucedidos. [&hellip;]<\/p>\n","protected":false},"author":1,"featured_media":0,"parent":0,"menu_order":0,"comment_status":"closed","ping_status":"closed","template":"","meta":{"footnotes":""},"class_list":["post-1822","page","type-page","status-publish","hentry"],"_links":{"self":[{"href":"https:\/\/partiurural.com.br\/index.php?rest_route=\/wp\/v2\/pages\/1822","targetHints":{"allow":["GET"]}}],"collection":[{"href":"https:\/\/partiurural.com.br\/index.php?rest_route=\/wp\/v2\/pages"}],"about":[{"href":"https:\/\/partiurural.com.br\/index.php?rest_route=\/wp\/v2\/types\/page"}],"author":[{"embeddable":true,"href":"https:\/\/partiurural.com.br\/index.php?rest_route=\/wp\/v2\/users\/1"}],"replies":[{"embeddable":true,"href":"https:\/\/partiurural.com.br\/index.php?rest_route=%2Fwp%2Fv2%2Fcomments&post=1822"}],"version-history":[{"count":0,"href":"https:\/\/partiurural.com.br\/index.php?rest_route=\/wp\/v2\/pages\/1822\/revisions"}],"wp:attachment":[{"href":"https:\/\/partiurural.com.br\/index.php?rest_route=%2Fwp%2Fv2%2Fmedia&parent=1822"}],"curies":[{"name":"wp","href":"https:\/\/api.w.org\/{rel}","templated":true}]}}